{"id":9171,"date":"2021-07-20T10:29:09","date_gmt":"2021-07-20T09:29:09","guid":{"rendered":"https:\/\/www.sitek.rocks\/?post_type=product&#038;p=9171"},"modified":"2026-04-28T07:37:09","modified_gmt":"2026-04-28T06:37:09","slug":"phasia-phase-shifter","status":"publish","type":"product","link":"https:\/\/www.sitek.rocks\/pl\/produkt\/phasia-phase-shifter\/","title":{"rendered":"Phasia Phase Shifter"},"content":{"rendered":"<div class=\"page\" title=\"Page 1\">\n<div class=\"layoutArea\">\n<div class=\"column\">\n<p style=\"text-align: center;\"><strong>Meet Phasia..<\/strong><\/p>\n<p style=\"text-align: center;\">.. the Queen of waves.<\/p>\n<p style=\"text-align: center;\">She emerged from the Ocean to ruffle your guitar tone.<br \/>\nShe stirs the sound waves, weaving her rhythmic song<br \/>\ninto your signal.<\/p>\n<p style=\"text-align: center;\">She has the power to summon gentle waves,<br \/>\nwhirls or intensive storms.<\/p>\n<p style=\"text-align: center;\">Phasia is the Sound Muse of Phase Shifting.<\/p>\n<\/div>\n<\/div>\n<\/div>\n<div class=\"page\" title=\"Page 1\">\n<div class=\"layoutArea\">\n<div class=\"column\">\n<p>Phasia ([\/\u02c8fe\u026a\u0292\u0259]) is a multi-stage OTA- based Phaser with a versatile feature set. It combines an all-analog moving filter section and a modern, tap-tempo controllable LFO that can go from stationary and resonant to fast and swirly.<\/p>\n<p>It has a three way toggle LFO Shape switch to select between three different waveforms: hypertriangular, sine and triangular, which affects the character of modulation that can be further distorted by the Symmetry control.The Rate and Depth controls precisely set the speed of the LFO and the frequency the filters sweep- through.The flashing LED acts as a visual indicator for the LFO, reflecting the Rate, Depth and LFO Shape controls (even when the effect is in a bypass mode). The speed of the oscillator can also be set by pressing the Tap switch, allowing easy, 1\/4 note tempo control while playing.<\/p>\n<\/div>\n<div class=\"column\">\n<p>Stages switch allows the user to select 4, 5 or 6 moving filter stages which affects the overall voicing of the effect. The Feedback knob provides control over sending the phase-shifted signal back to the filter stages for more pronounced, resonant tone at higher settings to more subtle, classic phasing at lower setting.<\/p>\n<p>All of these features make Phasia a comprehensive modulation effect.<\/p>\n<\/div>\n<\/div>\n<\/div>\n<p><strong><a href=\"https:\/\/www.sitek.rocks\/downloads\/sitek-phasia-manual.pdf\"><img decoding=\"async\" class=\"alignnone wp-image-9315\" src=\"https:\/\/www.sitek.rocks\/wp-content\/uploads\/2021\/08\/PDF_file_icon.svg\" alt=\"\" width=\"14\" height=\"18\" \/><\/a> <a href=\"https:\/\/www.sitek.rocks\/downloads\/sitek-phasia-manual.pdf\">Download Manual<\/a><\/strong><\/p>\n<div>\n<h6>*Our pedals are handmade, thus minor imperfections on the enclosure may occur<\/h6>\n<\/div>\n","protected":false},"excerpt":{"rendered":"<p>Phasia to wielostopniowy phaser oparty na uk\u0142adach OTA, oferuj\u0105cy wszechstronny zestaw funkcji. \u0141\u0105czy w sobie w pe\u0142ni analogow\u0105 sekcj\u0119 filtr\u00f3w o zmiennym po\u0142o\u017ceniu z nowoczesnym LFO, kt\u00f3re mo\u017cna synchronizowa\u0107 z tempem (tap tempo). Efekt potrafi brzmie\u0107 zar\u00f3wno jak stacjonarny, rezonuj\u0105cy filtr, jak i szybki, wiruj\u0105cy phaser.<br \/>\nTen efekt daje Ci pe\u0142n\u0105 kontrol\u0119 nad kszta\u0142tem modulacji dzi\u0119ki tr\u00f3jpozycyjnemu prze\u0142\u0105cznikowi LFO Shape, kt\u00f3ry oferuje trzy unikalne przebiegi fal. Dodatkowo, prze\u0142\u0105cznik Stages pozwala wybra\u0107 4, 5 lub 6 stopni filtracji, co bezpo\u015brednio wp\u0142ywa na charakter i g\u0142\u0119bi\u0119 brzmienia \u2013 od subtelnych, klasycznych modulacji po bogate, przestrzenne tekstury.<br \/>\nDzi\u0119ki swojej bogatej funkcjonalno\u015bci, Phasia to prawdziwe centrum modulacyjnych inspiracji \u2013 kompletne narz\u0119dzie, kt\u00f3re zaspokoi potrzeby zar\u00f3wno mi\u0142o\u015bnik\u00f3w klasycznego brzmienia, jak i poszukiwaczy nowoczesnych eksperyment\u00f3w.<\/p>","protected":false},"featured_media":9172,"comment_status":"closed","ping_status":"closed","template":"","meta":{"_crdt_document":"","inline_featured_image":false,"wds_primary_product_brand":0,"wds_primary_product_cat":0},"product_brand":[],"product_cat":[21,26],"product_tag":[],"class_list":{"0":"post-9171","1":"product","2":"type-product","3":"status-publish","4":"has-post-thumbnail","6":"product_cat-delay-modulation","7":"product_cat-pedals","8":"product_shipping_class-small-shipping","10":"first","11":"onbackorder","12":"taxable","13":"shipping-taxable","14":"purchasable","15":"product-type-simple"},"jetpack_sharing_enabled":true,"_links":{"self":[{"href":"https:\/\/www.sitek.rocks\/pl\/wp-json\/wp\/v2\/product\/9171","targetHints":{"allow":["GET"]}}],"collection":[{"href":"https:\/\/www.sitek.rocks\/pl\/wp-json\/wp\/v2\/product"}],"about":[{"href":"https:\/\/www.sitek.rocks\/pl\/wp-json\/wp\/v2\/types\/product"}],"replies":[{"embeddable":true,"href":"https:\/\/www.sitek.rocks\/pl\/wp-json\/wp\/v2\/comments?post=9171"}],"wp:featuredmedia":[{"embeddable":true,"href":"https:\/\/www.sitek.rocks\/pl\/wp-json\/wp\/v2\/media\/9172"}],"wp:attachment":[{"href":"https:\/\/www.sitek.rocks\/pl\/wp-json\/wp\/v2\/media?parent=9171"}],"wp:term":[{"taxonomy":"product_brand","embeddable":true,"href":"https:\/\/www.sitek.rocks\/pl\/wp-json\/wp\/v2\/product_brand?post=9171"},{"taxonomy":"product_cat","embeddable":true,"href":"https:\/\/www.sitek.rocks\/pl\/wp-json\/wp\/v2\/product_cat?post=9171"},{"taxonomy":"product_tag","embeddable":true,"href":"https:\/\/www.sitek.rocks\/pl\/wp-json\/wp\/v2\/product_tag?post=9171"}],"curies":[{"name":"wp","href":"https:\/\/api.w.org\/{rel}","templated":true}]}}