{"id":8419,"date":"2020-11-06T22:38:44","date_gmt":"2020-11-06T21:38:44","guid":{"rendered":"https:\/\/www.sitek.rocks\/?post_type=product&#038;p=8419"},"modified":"2023-01-23T22:44:19","modified_gmt":"2023-01-23T21:44:19","slug":"fuzzie-germanium-fuzz-v1","status":"publish","type":"product","link":"https:\/\/www.sitek.rocks\/pl\/produkt\/fuzzie-germanium-fuzz-v1\/","title":{"rendered":"Fuzzie Germanium Fuzz"},"content":{"rendered":"<div class=\"wpb-content-wrapper\"><div style=\"\"class=\"normal_height vc_row wpb_row vc_row-fluid\"><div class=\"wpb_column vc_column_container vc_col-sm-12\"><div class=\"vc_column-inner\"><div class=\"wpb_wrapper\">\n\t<div class=\"wpb_text_column wpb_content_element\" >\n\t\t<div class=\"wpb_wrapper\">\n\t\t\t<h5><em>PRODUCT DISCONTINUED<\/em><\/h5>\n<p>Meet Fuzzie &#8211; the First Lady of Fuzz. While chilling with her glass of champagne she brings classy fuzz tone to your guitar signal. That Muse is a sweet combination of vintage and modern.<\/p>\n<p>Fuzzie is a guitar pedal offering anything from mild distortion to dynamic fuzz tone, rich in harmonics and plenty of sustain. This Foxy Lady offers the classic vibe of saturated Germanium transistors as well as some modern design allowing her to be placed either before or after the buffer and still achieving the full and dynamic sound (unlike many of the fuzz pedals). Her Bias knob give you additional flexibility in achieving the desired tone.<\/p>\n<div class=\"page\" title=\"Page 1\">\n<div class=\"layoutArea\">\n<div class=\"column\">\n<p>This Muse is a 100% discrete analog circuit designed upon two carefully selected gain stages and is equipped with New Old Stock Germanium transistors. Fuzzie is suitable for both live and studio applications.<\/p>\n<\/div>\n<h6>*Nasze efekty s\u0105 wykonywane r\u0119cznie, dlatego mog\u0105 wyst\u0105pi\u0107 drobne niedoskona\u0142o\u015bci na obudowie<\/h6>\n<\/div>\n<\/div>\n\n\t\t<\/div>\n\t<\/div>\n<\/div><\/div><\/div><\/div>\n<\/div>","protected":false},"excerpt":{"rendered":"<p>Fuzzie is a guitar pedal offering anything from mild distortion to dynamic fuzz tone, rich in harmonics and plenty of sustain. Equipped with New Old Stock carefully selected Germanium transistors, this pedal offers a combination of vintage and modern design allowing her to be placed either before or after the buffer and still achieving the full and dynamic sound.<\/p>","protected":false},"featured_media":127,"comment_status":"closed","ping_status":"closed","template":"","meta":{"_crdt_document":"","inline_featured_image":false,"wds_primary_product_brand":0,"wds_primary_product_cat":0},"product_brand":[],"product_cat":[92],"product_tag":[],"class_list":{"0":"post-8419","1":"product","2":"type-product","3":"status-publish","4":"has-post-thumbnail","6":"product_cat-discontinued","7":"product_shipping_class-small-shipping","9":"first","10":"outofstock","11":"taxable","12":"shipping-taxable","13":"product-type-simple"},"jetpack_sharing_enabled":true,"_links":{"self":[{"href":"https:\/\/www.sitek.rocks\/pl\/wp-json\/wp\/v2\/product\/8419","targetHints":{"allow":["GET"]}}],"collection":[{"href":"https:\/\/www.sitek.rocks\/pl\/wp-json\/wp\/v2\/product"}],"about":[{"href":"https:\/\/www.sitek.rocks\/pl\/wp-json\/wp\/v2\/types\/product"}],"replies":[{"embeddable":true,"href":"https:\/\/www.sitek.rocks\/pl\/wp-json\/wp\/v2\/comments?post=8419"}],"wp:featuredmedia":[{"embeddable":true,"href":"https:\/\/www.sitek.rocks\/pl\/wp-json\/wp\/v2\/media\/127"}],"wp:attachment":[{"href":"https:\/\/www.sitek.rocks\/pl\/wp-json\/wp\/v2\/media?parent=8419"}],"wp:term":[{"taxonomy":"product_brand","embeddable":true,"href":"https:\/\/www.sitek.rocks\/pl\/wp-json\/wp\/v2\/product_brand?post=8419"},{"taxonomy":"product_cat","embeddable":true,"href":"https:\/\/www.sitek.rocks\/pl\/wp-json\/wp\/v2\/product_cat?post=8419"},{"taxonomy":"product_tag","embeddable":true,"href":"https:\/\/www.sitek.rocks\/pl\/wp-json\/wp\/v2\/product_tag?post=8419"}],"curies":[{"name":"wp","href":"https:\/\/api.w.org\/{rel}","templated":true}]}}