{"id":8247,"date":"2020-09-16T13:55:25","date_gmt":"2020-09-16T12:55:25","guid":{"rendered":"https:\/\/www.sitek.rocks\/?post_type=product&#038;p=8247"},"modified":"2026-04-28T07:37:27","modified_gmt":"2026-04-28T06:37:27","slug":"caffeine-booster","status":"publish","type":"product","link":"https:\/\/www.sitek.rocks\/pl\/produkt\/caffeine-booster\/","title":{"rendered":"Caffeine Dirty Booster v2"},"content":{"rendered":"<p class=\"p1\"><span class=\"s1\">Poznaj nasz\u0105 \u201especialty Muse\u201d. Tak jak fili\u017canka \u015bwie\u017co palonej kawy o poranku dodaje energii, tak nasza Caffeine o\u017cywi Tw\u00f3j ton i stanie si\u0119 nowym uzale\u017cnieniem Twojego sygna\u0142u.<\/span><\/p>\n<p class=\"p1\"><span class=\"s1\">Kiedy chcesz podkr\u0119ci\u0107 g\u0142o\u015bno\u015b\u0107 swojego instrumentu, wprowadzi\u0107 wzmacniacz lampowy w bardziej \u201ezgrzytliwe\u201d brzmienie lub doda\u0107 troch\u0119 przesteru do swojego tonu, si\u0119gnij po Caffeine! Dzi\u0119ki swojemu bogatemu, iskrz\u0105cemu boostowi sprawi, \u017ce Twoje sol\u00f3wki b\u0119d\u0105 b\u0142yszcze\u0107, a w trybie drive doda jasnego crunchu, gdy zechcesz wprowadzi\u0107 troch\u0119 pikanterii.  Doskonale wsp\u00f3\u0142pracuje z pokr\u0119t\u0142ami g\u0142o\u015bno\u015bci i ton\u00f3w gitary.<br \/>\n<\/span><\/p>\n<p class=\"p1 translation-block\">Ta Muza to w 100% dyskretny analogowy obw\u00f3d o 3-etapowej konstrukcji, z unikalnym po\u0142\u0105czeniem tranzystor\u00f3w BJT i FET, zapewniaj\u0105cy odpowiednie impedancje wej\u015bciowe i wyj\u015bciowe, aby unikn\u0105\u0107 obci\u0105\u017cenia Twojej gitary lub innych efekt\u00f3w w \u0142a\u0144cuchu.<\/p>\n<p class=\"p1\"><span class=\"s1\">Caffeine nadaje si\u0119 zar\u00f3wno do zastosowa\u0144 na \u017cywo, jak i w studio.<\/span><\/p>\n<p>&nbsp;<\/p>\n<p class=\"p1\"><span class=\"s1\"><b>Prze\u0142\u0105cznik no\u017cny DualMode<\/b>:<\/span><\/p>\n<p class=\"p1\"><span class=\"s1\">Efekt wyposa\u017cony jest w inteligentny mechanizm prze\u0142\u0105czania True Bypass, kt\u00f3ry rozpoznaje dwa r\u00f3\u017cne sposoby u\u017cycia boostera:<\/span><\/p>\n<ul class=\"ul1\">\n<li class=\"li1\"><span class=\"s1\">Wybierz \u201eTryb zatrzaskowy\u201d, aby u\u017cywa\u0107 efektu przez d\u0142u\u017cszy czas. Dzia\u0142a to tak samo, jak w przypadku standardowego efektu.\u00a0<\/span><\/li>\n<li class=\"li1\"><span class=\"s1\">Wybierz \u201eTryb solo\u201d, aby wyr\u00f3\u017cni\u0107 kr\u00f3tsz\u0105 fraz\u0119. Efekt b\u0119dzie w\u0142\u0105czony tak d\u0142ugo, jak b\u0119dziesz trzyma\u0107 wci\u015bni\u0119ty prze\u0142\u0105cznik, a wy\u0142\u0105czy si\u0119, gdy go zwolnisz.<\/span><\/li>\n<\/ul>\n<p>&nbsp;<\/p>\n<h6>*Nasze efekty s\u0105 wykonywane r\u0119cznie, dlatego mog\u0105 wyst\u0105pi\u0107 drobne niedoskona\u0142o\u015bci na obudowie<\/h6>\n<p class=\"p1\"><span class=\"s1\">\u00a0<\/span><\/p>","protected":false},"excerpt":{"rendered":"<p>Caffeine to efekt Booster, idealny do podbicia g\u0142o\u015bno\u015bci instrumentu, wprowadzenia lampowego wzmacniacza w bardziej \"zgrzytliwe\" brzmienie, dodania dodatkowego kana\u0142u gain do efekt\u00f3w przesteru lub po prostu wzbogacenia harmonicznej zawarto\u015bci sygna\u0142u.<\/p>\n<p><span class=\"s1\">Dzi\u0119ki swojemu bogatemu, iskrz\u0105cemu boostowi Caffeine sprawi, \u017ce Twoje partie solowe b\u0119d\u0105 si\u0119 wyr\u00f3\u017cnia\u0107, a w trybie drive doda jasnego crunchu, kiedy zechcesz wprowadzi\u0107 odrobin\u0119 pikanterii. \u015awietnie wsp\u00f3\u0142pracuje z pokr\u0119t\u0142ami g\u0142o\u015bno\u015bci i ton\u00f3w gitary.<br \/>\n<\/span><\/p>","protected":false},"featured_media":12727,"comment_status":"closed","ping_status":"closed","template":"","meta":{"_crdt_document":"","inline_featured_image":false,"wds_primary_product_brand":0,"wds_primary_product_cat":0},"product_brand":[],"product_cat":[19,26],"product_tag":[],"class_list":{"0":"post-8247","1":"product","2":"type-product","3":"status-publish","4":"has-post-thumbnail","6":"product_cat-booster-preamp","7":"product_cat-pedals","8":"product_shipping_class-small-shipping","10":"first","11":"instock","12":"taxable","13":"shipping-taxable","14":"purchasable","15":"product-type-simple"},"jetpack_sharing_enabled":true,"_links":{"self":[{"href":"https:\/\/www.sitek.rocks\/pl\/wp-json\/wp\/v2\/product\/8247","targetHints":{"allow":["GET"]}}],"collection":[{"href":"https:\/\/www.sitek.rocks\/pl\/wp-json\/wp\/v2\/product"}],"about":[{"href":"https:\/\/www.sitek.rocks\/pl\/wp-json\/wp\/v2\/types\/product"}],"replies":[{"embeddable":true,"href":"https:\/\/www.sitek.rocks\/pl\/wp-json\/wp\/v2\/comments?post=8247"}],"wp:featuredmedia":[{"embeddable":true,"href":"https:\/\/www.sitek.rocks\/pl\/wp-json\/wp\/v2\/media\/12727"}],"wp:attachment":[{"href":"https:\/\/www.sitek.rocks\/pl\/wp-json\/wp\/v2\/media?parent=8247"}],"wp:term":[{"taxonomy":"product_brand","embeddable":true,"href":"https:\/\/www.sitek.rocks\/pl\/wp-json\/wp\/v2\/product_brand?post=8247"},{"taxonomy":"product_cat","embeddable":true,"href":"https:\/\/www.sitek.rocks\/pl\/wp-json\/wp\/v2\/product_cat?post=8247"},{"taxonomy":"product_tag","embeddable":true,"href":"https:\/\/www.sitek.rocks\/pl\/wp-json\/wp\/v2\/product_tag?post=8247"}],"curies":[{"name":"wp","href":"https:\/\/api.w.org\/{rel}","templated":true}]}}