{"id":8164,"date":"2020-07-17T08:29:54","date_gmt":"2020-07-17T07:29:54","guid":{"rendered":"https:\/\/www.sitek.rocks\/?post_type=product&#038;p=8164"},"modified":"2026-04-28T07:37:38","modified_gmt":"2026-04-28T06:37:38","slug":"freya-overdrive-booster","status":"publish","type":"product","link":"https:\/\/www.sitek.rocks\/pl\/produkt\/freya-overdrive-booster\/","title":{"rendered":"Freya Overdrive\/Booster"},"content":{"rendered":"<p class=\"p1\"><span class=\"s1\">Poznaj Frey\u0119, bogini\u0119 pi\u0119kna i wojny \u2013 zar\u00f3wno urzekaj\u0105c\u0105, jak i pot\u0119\u017cn\u0105.<\/span><\/p>\n<p class=\"p1\"><span class=\"s1\">Freya to po\u0142\u0105czenie przesteru o niskim i \u015brednim poziomie gain oraz transparentnego boostera o wysokim headroomie. Obie sekcje mog\u0105 dzia\u0142a\u0107 niezale\u017cnie, a ich kolejno\u015b\u0107 mo\u017cna \u0142atwo prze\u0142\u0105cza\u0107, oferuj\u0105c jeszcze wi\u0119cej opcji tonalnych.<\/span><\/p>\n<p class=\"p1 translation-block\">Freya wewn\u0119trznie konwertuje standardowe zasilanie 9V DC na +\/-9V DC, aby zyska\u0107 wi\u0119kszy zapas g\u0142osno\u015bci i lepsz\u0105 dynamik\u0119 pracy. Efekt wykorzystuje wysokiej jako\u015bci wzmacniacze operacyjne JFET, kt\u00f3re zapewniaj\u0105 wy\u017csz\u0105 impedancj\u0119 wej\u015bciow\u0105, ni\u017cszy poziom szum\u00f3w, doskona\u0142\u0105 integralno\u015b\u0107 sygna\u0142u i klarowno\u015b\u0107. Prze\u0142\u0105czniki umieszczone na g\u00f3rze oraz kompaktowa obudowa sprawiaj\u0105, \u017ce Freya doskonale pasuje do ka\u017cdego pedalboardu.<\/p>\n<p class=\"p1 translation-block\">Sekcja overdrive Freya zosta\u0142a zaprojektowana, aby zapewni\u0107 skoncentrowane wzmocnienie \u015brednich cz\u0119stotliwo\u015bci z trzema r\u00f3\u017cnymi g\u0142osami clippingu, du\u017cym zapasem g\u0142o\u015bno\u015bci oraz doskona\u0142\u0105 klarowno\u015bci\u0105 dolnych i g\u00f3rnych ton\u00f3w sygna\u0142u. Jest \u0142agodna na czystym kanale, a na brudnym kanale dodaje napi\u0119cia. Prze\u0142\u0105cznik clipping pozwala wybra\u0107 jeden z trzech tryb\u00f3w: g\u0142adkie, bluesowe breakup, otwarty i skoncentrowany boost, kt\u00f3ry wzmocni sygna\u0142 na przednim ko\u0144cu brudnego kana\u0142u, oraz ton prowadz\u0105cy z bogatym \u015brodkiem pasma.<\/p>\n<p class=\"p1 translation-block\">Efekt zawiera r\u00f3wnie\u017c pe\u0142nopasmow\u0105, transparentn\u0105 sekcj\u0119 boostera, oferuj\u0105c\u0105 do 12 dB czystego wzmocnienia. Mo\u017cesz u\u017cywa\u0107 boostera samodzielnie, zwi\u0119kszy\u0107 g\u0142o\u015bno\u015b\u0107 ju\u017c przesterowanego sygna\u0142u, aby jeszcze mocniej obci\u0105\u017cy\u0107 wzmacniacz lampowy, lub doda\u0107 dodatkowe \u017ar\u00f3d\u0142o wzmocnienia do sekcji przesteru Freyi, uzyskuj\u0105c bardziej przyt\u0142umione niskie tony, zmieniaj\u0105c kolejno\u015b\u0107 sekcji.<\/p>\n<p class=\"p1\"><span class=\"s1\">Freya to w pe\u0142ni analogowy obw\u00f3d, zaprojektowany z dba\u0142o\u015bci\u0105 o starannie dobrane etapy wzmocnienia i klipowania. Zbudowany z komponent\u00f3w najwy\u017cszej jako\u015bci, zapewnia najlepsz\u0105 jako\u015b\u0107 sygna\u0142u.<\/span><\/p>","protected":false},"excerpt":{"rendered":"<p class=\"p1\"><span class=\"s1\">Freya to wszechstronny podw\u00f3jny efekt, kt\u00f3ry stanie si\u0119 nowym niezb\u0119dnym elementem pedalboardu ka\u017cdego gitarzysty \u2013 od fan\u00f3w Bluesa po entuzjast\u00f3w Heavy Metalu. \u0141\u0105czy w sobie przester o niskim i \u015brednim poziomie gain oraz przezroczysty booster z du\u017cym headroomem.<\/span><\/p>\n<p class=\"p1 translation-block\">Sekcja przesteru Freyi zosta\u0142a zaprojektowana, aby zapewni\u0107 skoncentrowane wzmocnienie \u015brednich cz\u0119stotliwo\u015bci, oferuj\u0105c trzy charakterystyczne tryby klipowania oraz ogromny headroom, z zachowaniem doskona\u0142ej klarowno\u015bci zar\u00f3wno w niskich, jak i wysokich partiach sygna\u0142u. Na czystym kanale dzia\u0142a g\u0142adko, a na brudnym kana\u0142 staje si\u0119 bardziej zwarta. Prze\u0142\u0105cznik clippingu pozwala wybra\u0107 spo\u015br\u00f3d trzech opcji: g\u0142adkiego, bluesowego przesteru, otwartego i skoncentrowanego boostu, kt\u00f3ry wzmocni sygna\u0142 na brudnym kanale, oraz bogatego w \u015brednie tony brzmienia solowego. Efekt zawiera tak\u017ce transparentn\u0105 sekcj\u0119 boostera, oferuj\u0105c\u0105 do 12dB czystego wzmocnienia.<\/p>","protected":false},"featured_media":8165,"comment_status":"closed","ping_status":"closed","template":"","meta":{"_crdt_document":"","inline_featured_image":false,"wds_primary_product_brand":0,"wds_primary_product_cat":0},"product_brand":[],"product_cat":[19,22,26],"product_tag":[27,75,41,52,25,74,62,63,42],"class_list":{"0":"post-8164","1":"product","2":"type-product","3":"status-publish","4":"has-post-thumbnail","6":"product_cat-booster-preamp","7":"product_cat-overdrive","8":"product_cat-pedals","9":"product_tag-booster","10":"product_tag-effects","11":"product_tag-guitar-gear","12":"product_tag-guitar-pedals","13":"product_tag-overdrive","14":"product_tag-pedals","15":"product_tag-sitek","16":"product_tag-sitek-pedals","17":"product_tag-stompbox","18":"product_shipping_class-small-shipping","20":"first","21":"instock","22":"taxable","23":"shipping-taxable","24":"purchasable","25":"product-type-simple"},"jetpack_sharing_enabled":true,"_links":{"self":[{"href":"https:\/\/www.sitek.rocks\/pl\/wp-json\/wp\/v2\/product\/8164","targetHints":{"allow":["GET"]}}],"collection":[{"href":"https:\/\/www.sitek.rocks\/pl\/wp-json\/wp\/v2\/product"}],"about":[{"href":"https:\/\/www.sitek.rocks\/pl\/wp-json\/wp\/v2\/types\/product"}],"replies":[{"embeddable":true,"href":"https:\/\/www.sitek.rocks\/pl\/wp-json\/wp\/v2\/comments?post=8164"}],"wp:featuredmedia":[{"embeddable":true,"href":"https:\/\/www.sitek.rocks\/pl\/wp-json\/wp\/v2\/media\/8165"}],"wp:attachment":[{"href":"https:\/\/www.sitek.rocks\/pl\/wp-json\/wp\/v2\/media?parent=8164"}],"wp:term":[{"taxonomy":"product_brand","embeddable":true,"href":"https:\/\/www.sitek.rocks\/pl\/wp-json\/wp\/v2\/product_brand?post=8164"},{"taxonomy":"product_cat","embeddable":true,"href":"https:\/\/www.sitek.rocks\/pl\/wp-json\/wp\/v2\/product_cat?post=8164"},{"taxonomy":"product_tag","embeddable":true,"href":"https:\/\/www.sitek.rocks\/pl\/wp-json\/wp\/v2\/product_tag?post=8164"}],"curies":[{"name":"wp","href":"https:\/\/api.w.org\/{rel}","templated":true}]}}