{"id":708,"date":"2019-04-01T22:52:11","date_gmt":"2019-04-01T21:52:11","guid":{"rendered":"https:\/\/www.sitek.rocks\/?post_type=product&#038;p=708"},"modified":"2026-04-28T07:37:55","modified_gmt":"2026-04-28T06:37:55","slug":"pandora-fuzz","status":"publish","type":"product","link":"https:\/\/www.sitek.rocks\/pl\/produkt\/pandora-fuzz\/","title":{"rendered":"Pandora Octave Fuzz"},"content":{"rendered":"<p class=\"p1\"><span class=\"s1\">Poznaj Pandor\u0119, pi\u0119kne stworzenie, kt\u00f3re wysz\u0142o z ognia Olimpu. Zaprojektowana jako instrument gniewu Zeusa, nape\u0142nia Tw\u00f3j gitarowy ton wszystkim z\u0142em, kt\u00f3re niegdy\u015b ukryte by\u0142o w jej podst\u0119pnej skrzyni.<\/span><\/p>\n<p class=\"p1\"><span class=\"s1\">Pandora to niezwykle wszechstronny efekt fuzz o wysokim wzmocnieniu, kt\u00f3ry pozwala stworzy\u0107 szeroki wachlarz oryginalnych ton\u00f3w \u2013 od ciep\u0142ego fuzza po pe\u0142ne, bogate brzmienie z wyra\u017anymi wy\u017cszych cz\u0119stotliwo\u015bciami, a tak\u017ce wszystko pomi\u0119dzy. Zwi\u0119kszaj\u0105c gain, mo\u017cesz nasyci\u0107 zniekszta\u0142cenia i uzyska\u0107 d\u0142u\u017cszy sustain. Otw\u00f3rz Pandor\u0119 jeszcze szerzej, by naturalna g\u00f3rna oktawa sta\u0142a si\u0119 bardziej wyra\u017ana, a ten pi\u0119kny chaos mo\u017cesz dostroi\u0107 za pomoc\u0105 pi\u0119ciu prostych pokr\u0119te\u0142. Pandora z pewno\u015bci\u0105 uczyni Twoje riffy mocnymi i dzikimi.<\/span><\/p>\n<p class=\"p1\"><span class=\"s1\">Ta Muza to w 100% dyskretny obw\u00f3d analogowy zaprojektowany na pi\u0119ciu starannie opracowanych stopniach wzmocnienia, z wysokiej jako\u015bci komponentami, kt\u00f3re redukuj\u0105 szumy obwodu. Pandora jest odpowiednia zar\u00f3wno do zastosowa\u0144 na \u017cywo, jak i w studiu nagraniowym.<\/span><\/p>","protected":false},"excerpt":{"rendered":"<p class=\"p1\"><span class=\"s1\">Pandora to wszechstronny, mocno nasycony fuzz, kt\u00f3ry pozwala uzyska\u0107 szerok\u0105 gam\u0119 oryginalnych brzmie\u0144 \u2013 od ciep\u0142ego fuzzu po bogaty w wysokie tony d\u017awi\u0119k i wszystko pomi\u0119dzy. Zwi\u0119kszaj\u0105c gain, mo\u017cesz nasyci\u0107 przester i wyd\u0142u\u017cy\u0107 sustain. Gdy otworzysz puszk\u0119 fuzzu Pandory jeszcze bardziej, to jego naturalna g\u00f3rna oktawa stanie si\u0119 bardziej wyrazista.<\/span><\/p>","protected":false},"featured_media":9355,"comment_status":"closed","ping_status":"closed","template":"","meta":{"_crdt_document":"","inline_featured_image":false,"wds_primary_product_brand":0,"wds_primary_product_cat":0},"product_brand":[],"product_cat":[18,26],"product_tag":[30,40,41,29,42],"class_list":{"0":"post-708","1":"product","2":"type-product","3":"status-publish","4":"has-post-thumbnail","6":"product_cat-distortion-fuzz","7":"product_cat-pedals","8":"product_tag-fuzz","9":"product_tag-fuzz-pedal","10":"product_tag-guitar-gear","11":"product_tag-guitar-pedal","12":"product_tag-stompbox","13":"product_shipping_class-small-shipping","15":"first","16":"instock","17":"taxable","18":"shipping-taxable","19":"purchasable","20":"product-type-simple"},"jetpack_sharing_enabled":true,"_links":{"self":[{"href":"https:\/\/www.sitek.rocks\/pl\/wp-json\/wp\/v2\/product\/708","targetHints":{"allow":["GET"]}}],"collection":[{"href":"https:\/\/www.sitek.rocks\/pl\/wp-json\/wp\/v2\/product"}],"about":[{"href":"https:\/\/www.sitek.rocks\/pl\/wp-json\/wp\/v2\/types\/product"}],"replies":[{"embeddable":true,"href":"https:\/\/www.sitek.rocks\/pl\/wp-json\/wp\/v2\/comments?post=708"}],"wp:featuredmedia":[{"embeddable":true,"href":"https:\/\/www.sitek.rocks\/pl\/wp-json\/wp\/v2\/media\/9355"}],"wp:attachment":[{"href":"https:\/\/www.sitek.rocks\/pl\/wp-json\/wp\/v2\/media?parent=708"}],"wp:term":[{"taxonomy":"product_brand","embeddable":true,"href":"https:\/\/www.sitek.rocks\/pl\/wp-json\/wp\/v2\/product_brand?post=708"},{"taxonomy":"product_cat","embeddable":true,"href":"https:\/\/www.sitek.rocks\/pl\/wp-json\/wp\/v2\/product_cat?post=708"},{"taxonomy":"product_tag","embeddable":true,"href":"https:\/\/www.sitek.rocks\/pl\/wp-json\/wp\/v2\/product_tag?post=708"}],"curies":[{"name":"wp","href":"https:\/\/api.w.org\/{rel}","templated":true}]}}