{"id":48,"date":"2018-08-14T13:05:54","date_gmt":"2018-08-14T12:05:54","guid":{"rendered":"http:\/\/beta.sitek.rocks\/?post_type=product&#038;p=48"},"modified":"2026-03-30T22:09:13","modified_gmt":"2026-03-30T21:09:13","slug":"nursie-booster","status":"publish","type":"product","link":"https:\/\/www.sitek.rocks\/pl\/produkt\/nursie-booster\/","title":{"rendered":"Nursie Transparent Booster"},"content":{"rendered":"<p class=\"p1\"><span class=\"s1\">Poznaj Nursie \u2013 \u201emedyczn\u0105\u201d asystentk\u0119 Twojego sygna\u0142u. O\u017cywi Tw\u00f3j gitarowy d\u017awi\u0119k, wstrzykuj\u0105c optymaln\u0105 dawk\u0119 wzmocnienia zawsze, gdy tego potrzebujesz. Jest niezwykle oddana utrzymaniu czysto\u015bci i sterylno\u015bci sygna\u0142u.<\/span><\/p>\n<p class=\"p1 translation-block\">Nursie zosta\u0142a zaprojektowana jako pe\u0142nopasmowy, transparentny booster, oferuj\u0105cy do 24 dB wzmocnienia. Obw\u00f3d wewn\u0119trznie podwaja dost\u0119pny zapas g\u0142osno\u015bci, zapewniaj\u0105c dzia\u0142anie bez zniekszta\u0142ce\u0144, pozostawiaj\u0105c Tw\u00f3j sygna\u0142 czysty i przejrzysty. Kiedy chcesz zwi\u0119kszy\u0107 g\u0142o\u015bno\u015b\u0107 swojego instrumentu, wprowadzi\u0107 sw\u00f3j wzmacniacz lampowy w bardziej \"crunchowy\" obszar, dostarczy\u0107 dodatkowe wzmocnienie do swoich peda\u0142\u00f3w przesterowuj\u0105cych lub po prostu zbuforowa\u0107 sygna\u0142 \u2013 Nursie jest idealnym rozwi\u0105zaniem!<\/p>\n<p class=\"p1\"><span class=\"s1\">Ta Dama zapewnia wysok\u0105 impedancj\u0119 wej\u015bciow\u0105 i nisk\u0105 impedancj\u0119 wyj\u015bciow\u0105, co pozwala osi\u0105gn\u0105\u0107 wysok\u0105 wierno\u015b\u0107 sygna\u0142u. Zosta\u0142a zbudowana z komponent\u00f3w audio o najwy\u017cszej jako\u015bci, niskim poziomie szum\u00f3w, i nadaje si\u0119 zar\u00f3wno do zastosowa\u0144 na \u017cywo, jak i w studiu nagraniowym.<\/span><\/p>","protected":false},"excerpt":{"rendered":"<p><span class=\"s1\">Nursie zosta\u0142a zaprojektowana jako pe\u0142nopasmowy, transparentny booster, oferuj\u0105cy do 24 dB wzmocnienia. Obw\u00f3d wewn\u0119trznie podwaja dost\u0119pny zapas g\u0142o\u015bno\u015bci, zapewniaj\u0105c dzia\u0142anie bez zniekszta\u0142ce\u0144, pozostawiaj\u0105c Tw\u00f3j sygna\u0142 czysty i przejrzysty jak nigdy dot\u0105d.<\/span><\/p>","protected":false},"featured_media":12743,"comment_status":"closed","ping_status":"closed","template":"","meta":{"_crdt_document":"","inline_featured_image":false,"wds_primary_product_brand":0,"wds_primary_product_cat":0},"product_brand":[],"product_cat":[19,26,20],"product_tag":[],"class_list":{"0":"post-48","1":"product","2":"type-product","3":"status-publish","4":"has-post-thumbnail","6":"product_cat-booster-preamp","7":"product_cat-pedals","8":"product_cat-utility","9":"product_shipping_class-small-shipping","11":"first","12":"instock","13":"taxable","14":"shipping-taxable","15":"purchasable","16":"product-type-simple"},"jetpack_sharing_enabled":true,"_links":{"self":[{"href":"https:\/\/www.sitek.rocks\/pl\/wp-json\/wp\/v2\/product\/48","targetHints":{"allow":["GET"]}}],"collection":[{"href":"https:\/\/www.sitek.rocks\/pl\/wp-json\/wp\/v2\/product"}],"about":[{"href":"https:\/\/www.sitek.rocks\/pl\/wp-json\/wp\/v2\/types\/product"}],"replies":[{"embeddable":true,"href":"https:\/\/www.sitek.rocks\/pl\/wp-json\/wp\/v2\/comments?post=48"}],"wp:featuredmedia":[{"embeddable":true,"href":"https:\/\/www.sitek.rocks\/pl\/wp-json\/wp\/v2\/media\/12743"}],"wp:attachment":[{"href":"https:\/\/www.sitek.rocks\/pl\/wp-json\/wp\/v2\/media?parent=48"}],"wp:term":[{"taxonomy":"product_brand","embeddable":true,"href":"https:\/\/www.sitek.rocks\/pl\/wp-json\/wp\/v2\/product_brand?post=48"},{"taxonomy":"product_cat","embeddable":true,"href":"https:\/\/www.sitek.rocks\/pl\/wp-json\/wp\/v2\/product_cat?post=48"},{"taxonomy":"product_tag","embeddable":true,"href":"https:\/\/www.sitek.rocks\/pl\/wp-json\/wp\/v2\/product_tag?post=48"}],"curies":[{"name":"wp","href":"https:\/\/api.w.org\/{rel}","templated":true}]}}