{"id":375,"date":"2018-12-02T21:59:11","date_gmt":"2018-12-02T20:59:11","guid":{"rendered":"http:\/\/beta.sitek.rocks\/?post_type=product&#038;p=375"},"modified":"2026-04-28T07:41:50","modified_gmt":"2026-04-28T06:41:50","slug":"nudist-signal-buffer","status":"publish","type":"product","link":"https:\/\/www.sitek.rocks\/pl\/produkt\/nudist-signal-buffer\/","title":{"rendered":"Nudist Signal Buffer"},"content":{"rendered":"<p class=\"p1\"><span class=\"s1\">Meet Nudist &#8211; the Muse that likes to keep it natural. She will do her best to keep your signal as pure as possible, preserving it\u2019s original tonal qualities.<br \/>\n<\/span><span class=\"s1\">It provides a high input and low output impedance to achieve high signal fidelity. It is build with the highest quality, low noise, audio-grade components and is suitable for both live and studio applications.<\/span><\/p>\n<p class=\"p1\"><span class=\"s1\">There are many reasons for employing a buffer into your signal chain. Using many true bypass pedals and long runs of cable increase the capacitance and resistance of the signal chain. That combined with the characteristics of guitar pickups tends to act as a low pass filter which results in the loss of signal\u2019s clarity and high-end. A buffer isolates the guitar from your signal chain and provides the proper impedance matching to eliminate this problem and preserve original qualities of the guitar signal.<\/span><\/p>\n<p class=\"p1\"><span class=\"s1\">Weak signal, treble loss, sloppy bass, lack of clarity and definition are just a few reasons for using it.<\/span><\/p>\n<p>&nbsp;<\/p>\n<h6>*Nasze efekty s\u0105 wykonywane r\u0119cznie, dlatego mog\u0105 wyst\u0105pi\u0107 drobne niedoskona\u0142o\u015bci na obudowie<\/h6>","protected":false},"excerpt":{"rendered":"<p>Nudist is a high quality analog buffer designed to preserve original qualities of the guitar signal. It keeps your signal strong, defined and sounding just the way you wanted it to be.<br \/>\nWhether your rig uses\u00a0<u>plenty of true bypass pedals\u00a0<\/u>or your\u00a0<u>signal is dulled\u00a0<\/u>by treble-sucking\u00a0<u>metres of cable\u00a0<\/u>&#8211; Nudist is a cure for that. She will maintain your tone bright and alive!<\/p>","protected":false},"featured_media":553,"comment_status":"closed","ping_status":"closed","template":"","meta":{"_crdt_document":"","inline_featured_image":false,"wds_primary_product_brand":0,"wds_primary_product_cat":0},"product_brand":[],"product_cat":[92],"product_tag":[31,29,32],"class_list":{"0":"post-375","1":"product","2":"type-product","3":"status-publish","4":"has-post-thumbnail","6":"product_cat-discontinued","7":"product_tag-buffor","8":"product_tag-guitar-pedal","9":"product_tag-tone","10":"product_shipping_class-small-shipping","12":"first","13":"outofstock","14":"taxable","15":"shipping-taxable","16":"product-type-simple"},"jetpack_sharing_enabled":true,"_links":{"self":[{"href":"https:\/\/www.sitek.rocks\/pl\/wp-json\/wp\/v2\/product\/375","targetHints":{"allow":["GET"]}}],"collection":[{"href":"https:\/\/www.sitek.rocks\/pl\/wp-json\/wp\/v2\/product"}],"about":[{"href":"https:\/\/www.sitek.rocks\/pl\/wp-json\/wp\/v2\/types\/product"}],"replies":[{"embeddable":true,"href":"https:\/\/www.sitek.rocks\/pl\/wp-json\/wp\/v2\/comments?post=375"}],"wp:featuredmedia":[{"embeddable":true,"href":"https:\/\/www.sitek.rocks\/pl\/wp-json\/wp\/v2\/media\/553"}],"wp:attachment":[{"href":"https:\/\/www.sitek.rocks\/pl\/wp-json\/wp\/v2\/media?parent=375"}],"wp:term":[{"taxonomy":"product_brand","embeddable":true,"href":"https:\/\/www.sitek.rocks\/pl\/wp-json\/wp\/v2\/product_brand?post=375"},{"taxonomy":"product_cat","embeddable":true,"href":"https:\/\/www.sitek.rocks\/pl\/wp-json\/wp\/v2\/product_cat?post=375"},{"taxonomy":"product_tag","embeddable":true,"href":"https:\/\/www.sitek.rocks\/pl\/wp-json\/wp\/v2\/product_tag?post=375"}],"curies":[{"name":"wp","href":"https:\/\/api.w.org\/{rel}","templated":true}]}}