{"id":368,"date":"2018-12-02T20:24:24","date_gmt":"2018-12-02T19:24:24","guid":{"rendered":"http:\/\/beta.sitek.rocks\/?post_type=product&#038;p=368"},"modified":"2023-05-31T07:35:05","modified_gmt":"2023-05-31T06:35:05","slug":"big-wuffy-distortion","status":"publish","type":"product","link":"https:\/\/www.sitek.rocks\/pl\/produkt\/big-wuffy-distortion\/","title":{"rendered":"Big Wuffy Distortion"},"content":{"rendered":"<div class=\"column\">\n<p>Although Big Wuffy may come across as charming and sweet, she is in fact a very powerful Muse. She is ready to colour your tone with her loyal dog\u2019s growling any time you need it. Feel free to experiment &#8211; Wuffy taught him many useful tricks!<\/p>\n<p>Big Wuffy is a high-gain distortion pedal offering a rich harmonic content, long and creamy sustain and tones ranging from wooly and dark lows to crispy and piercing highs. Whether you need thicker, saturated riffs or cutting solos &#8211; she is your girl! You can go anywhere from tamed, mild distortion to more aggressive tones crossing the borderline of distortion and fuzz.<\/p>\n<p>This Muse is a 100% discrete analog circuit designed upon four carefully selected gain stages with high quality components reducing noise of the circuit even for higher gain settings. Big Wuffy is suitable for both live and studio applications.<\/p>\n<\/div>\n<h6>*Nasze efekty s\u0105 wykonywane r\u0119cznie, dlatego mog\u0105 wyst\u0105pi\u0107 drobne niedoskona\u0142o\u015bci na obudowie<\/h6>","protected":false},"excerpt":{"rendered":"<p>Big Wuffy is a 100% analog, all-discrete, four gain stage based versatile distortion pedal which will take you from mild overdrive to fat saturated fuzz-like tones.<\/p>","protected":false},"featured_media":370,"comment_status":"closed","ping_status":"closed","template":"","meta":{"_crdt_document":"","inline_featured_image":false,"wds_primary_product_brand":0,"wds_primary_product_cat":0},"product_brand":[],"product_cat":[92],"product_tag":[23,30,29],"class_list":{"0":"post-368","1":"product","2":"type-product","3":"status-publish","4":"has-post-thumbnail","6":"product_cat-discontinued","7":"product_tag-distortion","8":"product_tag-fuzz","9":"product_tag-guitar-pedal","10":"product_shipping_class-small-shipping","12":"first","13":"outofstock","14":"taxable","15":"shipping-taxable","16":"product-type-simple"},"jetpack_sharing_enabled":true,"_links":{"self":[{"href":"https:\/\/www.sitek.rocks\/pl\/wp-json\/wp\/v2\/product\/368","targetHints":{"allow":["GET"]}}],"collection":[{"href":"https:\/\/www.sitek.rocks\/pl\/wp-json\/wp\/v2\/product"}],"about":[{"href":"https:\/\/www.sitek.rocks\/pl\/wp-json\/wp\/v2\/types\/product"}],"replies":[{"embeddable":true,"href":"https:\/\/www.sitek.rocks\/pl\/wp-json\/wp\/v2\/comments?post=368"}],"wp:featuredmedia":[{"embeddable":true,"href":"https:\/\/www.sitek.rocks\/pl\/wp-json\/wp\/v2\/media\/370"}],"wp:attachment":[{"href":"https:\/\/www.sitek.rocks\/pl\/wp-json\/wp\/v2\/media?parent=368"}],"wp:term":[{"taxonomy":"product_brand","embeddable":true,"href":"https:\/\/www.sitek.rocks\/pl\/wp-json\/wp\/v2\/product_brand?post=368"},{"taxonomy":"product_cat","embeddable":true,"href":"https:\/\/www.sitek.rocks\/pl\/wp-json\/wp\/v2\/product_cat?post=368"},{"taxonomy":"product_tag","embeddable":true,"href":"https:\/\/www.sitek.rocks\/pl\/wp-json\/wp\/v2\/product_tag?post=368"}],"curies":[{"name":"wp","href":"https:\/\/api.w.org\/{rel}","templated":true}]}}