{"id":3280,"date":"2019-08-29T10:38:00","date_gmt":"2019-08-29T09:38:00","guid":{"rendered":"https:\/\/www.sitek.rocks\/?post_type=product&#038;p=3280"},"modified":"2026-04-28T07:37:45","modified_gmt":"2026-04-28T06:37:45","slug":"wuffy-distortion","status":"publish","type":"product","link":"https:\/\/www.sitek.rocks\/pl\/produkt\/wuffy-distortion\/","title":{"rendered":"Wuffy Fuzzy Distortion"},"content":{"rendered":"<p class=\"p1\"><span class=\"s1\">Dawno, dawno temu by\u0142a sobie w lesie dziewczynkaa\u2026 A potem doros\u0142a i zaprzyja\u017ani\u0142a si\u0119 z wilkiem. Od tej chwili rz\u0105dzi\u0142a okolicznymi lasami. Wuffy to pot\u0119\u017cna Muza, kt\u00f3ra mo\u017ce nasyci\u0107 Twoje brzmienie basowym pomrukiem swojego wiernego towarzysza \u2013 zawsze, gdy tego potrzebujesz. <\/span><\/p>\n<p class=\"p1\"><span class=\"s1\">Wuffy to efekt distortion o wysokim gainie, kt\u00f3ry dostarcza bogate harmoniczne, d\u0142ugie i kremowe podtrzymanie oraz brzmienia od mi\u0119kkich i ciemnych bas\u00f3w po ostre i przenikliwe wysokie tony, z dodatkow\u0105 mo\u017cliwo\u015bci\u0105 regulacji pasma \u015brodkowego. Niezale\u017cnie od tego, czy potrzebujesz g\u0119stych, nasyconych riff\u00f3w, czy sol\u00f3wek przebijaj\u0105cych si\u0119 przez miks \u2013 Wuffy sprosta zadaniu! Pozwala przej\u015b\u0107 od subtelnego, kontrolowanego przesteru a\u017c po agresywne tony na granicy distortion i fuzz. <\/span><\/p>\n<p class=\"p1\"><span class=\"s1\">Ta Muza to w pe\u0142ni dyskretny, analogowy uk\u0142ad oparty na czterech starannie dobranych stopniach wzmocnienia. Wysokiej jako\u015bci komponenty minimalizuj\u0105 szumy, nawet przy wy\u017cszych ustawieniach gainu. Wuffy doskonale sprawdzi si\u0119 zar\u00f3wno na scenie, jak i w studiu.<\/span><\/p>\n<h6>*Nasze efekty s\u0105 wykonywane r\u0119cznie, dlatego mog\u0105 wyst\u0105pi\u0107 drobne niedoskona\u0142o\u015bci na obudowie<\/h6>","protected":false},"excerpt":{"rendered":"<p><span class=\"s1\">Wuffy to efekt distortion o wysokim gainie, kt\u00f3ry dostarcza bogate harmoniczne, d\u0142ugie i kremowe podtrzymanie oraz brzmienia od mi\u0119kkich i ciemnych bas\u00f3w po ostre i przenikliwe wysokie tony, z dodatkow\u0105 mo\u017cliwo\u015bci\u0105 regulacji pasma \u015brodkowego. Niezale\u017cnie od tego, czy potrzebujesz g\u0119stych, nasyconych riff\u00f3w, czy sol\u00f3wek przebijaj\u0105cych si\u0119 przez miks \u2013 Wuffy sprosta zadaniu! Pozwala przej\u015b\u0107 od subtelnego, kontrolowanego przesteru a\u017c po agresywne tony na granicy distortion i fuzz.<\/span><\/p>","protected":false},"featured_media":8289,"comment_status":"closed","ping_status":"closed","template":"","meta":{"_crdt_document":"","inline_featured_image":false,"wds_primary_product_brand":0,"wds_primary_product_cat":0},"product_brand":[],"product_cat":[18,26],"product_tag":[23,75,30,41,52,74,62,63,42],"class_list":{"0":"post-3280","1":"product","2":"type-product","3":"status-publish","4":"has-post-thumbnail","6":"product_cat-distortion-fuzz","7":"product_cat-pedals","8":"product_tag-distortion","9":"product_tag-effects","10":"product_tag-fuzz","11":"product_tag-guitar-gear","12":"product_tag-guitar-pedals","13":"product_tag-pedals","14":"product_tag-sitek","15":"product_tag-sitek-pedals","16":"product_tag-stompbox","17":"product_shipping_class-small-shipping","19":"first","20":"instock","21":"taxable","22":"shipping-taxable","23":"purchasable","24":"product-type-simple"},"jetpack_sharing_enabled":true,"_links":{"self":[{"href":"https:\/\/www.sitek.rocks\/pl\/wp-json\/wp\/v2\/product\/3280","targetHints":{"allow":["GET"]}}],"collection":[{"href":"https:\/\/www.sitek.rocks\/pl\/wp-json\/wp\/v2\/product"}],"about":[{"href":"https:\/\/www.sitek.rocks\/pl\/wp-json\/wp\/v2\/types\/product"}],"replies":[{"embeddable":true,"href":"https:\/\/www.sitek.rocks\/pl\/wp-json\/wp\/v2\/comments?post=3280"}],"wp:featuredmedia":[{"embeddable":true,"href":"https:\/\/www.sitek.rocks\/pl\/wp-json\/wp\/v2\/media\/8289"}],"wp:attachment":[{"href":"https:\/\/www.sitek.rocks\/pl\/wp-json\/wp\/v2\/media?parent=3280"}],"wp:term":[{"taxonomy":"product_brand","embeddable":true,"href":"https:\/\/www.sitek.rocks\/pl\/wp-json\/wp\/v2\/product_brand?post=3280"},{"taxonomy":"product_cat","embeddable":true,"href":"https:\/\/www.sitek.rocks\/pl\/wp-json\/wp\/v2\/product_cat?post=3280"},{"taxonomy":"product_tag","embeddable":true,"href":"https:\/\/www.sitek.rocks\/pl\/wp-json\/wp\/v2\/product_tag?post=3280"}],"curies":[{"name":"wp","href":"https:\/\/api.w.org\/{rel}","templated":true}]}}