{"id":198,"date":"2018-08-20T08:20:29","date_gmt":"2018-08-20T07:20:29","guid":{"rendered":"http:\/\/beta.sitek.rocks\/?post_type=product&#038;p=198"},"modified":"2026-04-28T07:38:12","modified_gmt":"2026-04-28T06:38:12","slug":"vixen-germanium-booster","status":"publish","type":"product","link":"https:\/\/www.sitek.rocks\/pl\/produkt\/vixen-germanium-booster\/","title":{"rendered":"Vixen Germanium Booster"},"content":{"rendered":"<p class=\"p1 translation-block\">Poznaj Vixen \u2013 nasz\u0105 wyrafinowan\u0105 Muz\u0119. Z jej elegancj\u0105 i ponadczasowym urokiem, oczaruje Tw\u00f3j ton, \u0142\u0105cz\u0105c najlepsze cechy klasyki i nowoczesno\u015bci. To po\u0142\u0105czenie vintage\u2019owego charakteru z nowoczesn\u0105 finezj\u0105.<\/p>\n<p class=\"p1\">Vixen to wszechstronny efekt boostera, kt\u00f3ry nie tylko wzbogaci Tw\u00f3j czysty ton, dodaj\u0105c mu obecno\u015bci i blasku, ale tak\u017ce nada Twojemu brzmieniu charakterystyczne, chropowate harmoniczne i pchnie kolejny etap w kierunku s\u0142odkiego crunchu. Pokr\u0119t\u0142o Range oferuje szeroki zakres boostu \u2013 od klasycznego treble boostera po pe\u0142nopasmowy boost z nasyconymi niskimi tonami.\n\nVixen \u0142\u0105czy klasyczny vibe germanowych komponent\u00f3w z nowoczesnym designem, co pozwala na jej umieszczenie zar\u00f3wno przed, jak i po buforze, zachowuj\u0105c pe\u0142ne, dynamiczne brzmienie.<\/p>\n<p class=\"p1\">Ta Muza to w pe\u0142ni dyskretny analogowy obw\u00f3d, zaprojektowany na starannie wywa\u017conym etapie wzmocnienia, wyposa\u017cony w tranzystor New Old Stock typu germanowy. Vixen sprawdzi si\u0119 zar\u00f3wno w aplikacjach na \u017cywo, jak i w studiu nagraniowym.<\/p>\n<p><span class=\"s1\">Efekt dzia\u0142a na standardowym zasilaniu 9-12V DC z wtykiem o \u015brednicy 2,1 mm z ujemnym biegunem w \u015brodku lub na baterii 9V.<\/span><\/p>\n<p>Ten efekt jest r\u0119cznie wykonany z wysokiej jako\u015bci, starannie wybranych i zmierzonych komponent\u00f3w.<\/p>\n<p class=\"p1\"><span class=\"s1\"><b>Opcja przycisku momentary.<\/b><\/span><\/p>\n<p class=\"p2 translation-block\">Nasz efekt boostera posiada specjalny mechanizm prze\u0142\u0105czania, kt\u00f3ry umo\u017cliwia korzystanie z przycisku w trybie latching (on\/off) lub momentary. Je\u015bli przycisk zostanie wci\u015bni\u0119ty i przytrzymany przez d\u0142u\u017cej ni\u017c 1 sekund\u0119, dzia\u0142a tylko do momentu, gdy nadal b\u0119dziesz go trzyma\u0107.<\/p>\n<p>&nbsp;<\/p>\n<h6>*Nasze efekty s\u0105 wykonywane r\u0119cznie, dlatego mog\u0105 wyst\u0105pi\u0107 drobne niedoskona\u0142o\u015bci na obudowie<\/h6>\n<p class=\"p1\">","protected":false},"excerpt":{"rendered":"<p>Vixen to efekt typu Germanium Booster, zbudowany z u\u017cyciem tranzystora i diod New Old Stock typu germanowy. Oferuje szerok\u0105 palet\u0119 brzmie\u0144 \u2013 od klasycznego treble boostera po pe\u0142nopasmowy lub nawet bass boost, dzi\u0119ki elastycznemu pokr\u0119t\u0142u Range. To pokr\u0119t\u0142o pozwala uzyska\u0107 wspania\u0142e brzmienie zar\u00f3wno dla przetwornik\u00f3w single coil, jak i humbucker.\n\nDodatkowa opcja clipping umo\u017cliwia dodanie wi\u0119cej harmonicznych do sygna\u0142u, wzbogacaj\u0105c ko\u0144cowy d\u017awi\u0119k o pe\u0142niejsze, bardziej wyraziste brzmienie.<\/p>","protected":false},"featured_media":12732,"comment_status":"closed","ping_status":"closed","template":"","meta":{"_crdt_document":"","inline_featured_image":false,"wds_primary_product_brand":0,"wds_primary_product_cat":0},"product_brand":[],"product_cat":[19,26],"product_tag":[27,28,29],"class_list":{"0":"post-198","1":"product","2":"type-product","3":"status-publish","4":"has-post-thumbnail","6":"product_cat-booster-preamp","7":"product_cat-pedals","8":"product_tag-booster","9":"product_tag-germanium","10":"product_tag-guitar-pedal","11":"product_shipping_class-small-shipping","13":"first","14":"instock","15":"taxable","16":"shipping-taxable","17":"purchasable","18":"product-type-simple"},"jetpack_sharing_enabled":true,"_links":{"self":[{"href":"https:\/\/www.sitek.rocks\/pl\/wp-json\/wp\/v2\/product\/198","targetHints":{"allow":["GET"]}}],"collection":[{"href":"https:\/\/www.sitek.rocks\/pl\/wp-json\/wp\/v2\/product"}],"about":[{"href":"https:\/\/www.sitek.rocks\/pl\/wp-json\/wp\/v2\/types\/product"}],"replies":[{"embeddable":true,"href":"https:\/\/www.sitek.rocks\/pl\/wp-json\/wp\/v2\/comments?post=198"}],"wp:featuredmedia":[{"embeddable":true,"href":"https:\/\/www.sitek.rocks\/pl\/wp-json\/wp\/v2\/media\/12732"}],"wp:attachment":[{"href":"https:\/\/www.sitek.rocks\/pl\/wp-json\/wp\/v2\/media?parent=198"}],"wp:term":[{"taxonomy":"product_brand","embeddable":true,"href":"https:\/\/www.sitek.rocks\/pl\/wp-json\/wp\/v2\/product_brand?post=198"},{"taxonomy":"product_cat","embeddable":true,"href":"https:\/\/www.sitek.rocks\/pl\/wp-json\/wp\/v2\/product_cat?post=198"},{"taxonomy":"product_tag","embeddable":true,"href":"https:\/\/www.sitek.rocks\/pl\/wp-json\/wp\/v2\/product_tag?post=198"}],"curies":[{"name":"wp","href":"https:\/\/api.w.org\/{rel}","templated":true}]}}