{"id":138,"date":"2018-08-15T21:30:42","date_gmt":"2018-08-15T20:30:42","guid":{"rendered":"http:\/\/beta.sitek.rocks\/?post_type=product&#038;p=138"},"modified":"2023-01-23T22:46:58","modified_gmt":"2023-01-23T21:46:58","slug":"caffeine-booster-v1","status":"publish","type":"product","link":"https:\/\/www.sitek.rocks\/pl\/produkt\/caffeine-booster-v1\/","title":{"rendered":"Caffeine Pre-Amp Booster"},"content":{"rendered":"<p class=\"p1\"><span class=\"s1\">Meet our \u201cspecialty Muse\u201d. Just like a cup of freshly roasted coffee livens you up in the morning, our Caffeine will awaken your tone and become your signal\u2019s new addiction.<\/span><\/p>\n<p class=\"p1\"><span class=\"s1\">Whenever you want to boost the volume of your instrument, push your tube amp into more \u201ccrunchy\u201d territory, provide an additional channel of gain to your dirt pedals or simply enrich the harmonic content of your signal then bring the Caffeine on! Need better cutting through the mix? She\u2019s your friend!<\/span><\/p>\n<p class=\"p1\"><span class=\"s1\">This Lady is a 100% discrete analog circuit with a dual stage design to provide the appropriate input and output impedances to avoid loading your guitar or the other pedals in your chain. <\/span><\/p>\n<p class=\"p1\"><span class=\"s1\">Caffeine provides a boost of up to 20dB to your signal and is suitable for both live and studio applications.<\/span><\/p>\n<p class=\"p1\"><span class=\"s1\">Efekt dzia\u0142a na standardowym zasilaniu 9-12V DC z wtykiem o \u015brednicy 2,1 mm z ujemnym biegunem w \u015brodku lub na baterii 9V.<br \/>\n<\/span><\/p>\n<p class=\"p1\"><span class=\"s1\"><b>Opcja przycisku momentary.<\/b><\/span><\/p>\n<p class=\"p2 translation-block\">Nasz efekt boostera posiada specjalny mechanizm prze\u0142\u0105czania, kt\u00f3ry umo\u017cliwia korzystanie z przycisku w trybie latching (on\/off) lub momentary. Je\u015bli przycisk zostanie wci\u015bni\u0119ty i przytrzymany przez d\u0142u\u017cej ni\u017c 1 sekund\u0119, dzia\u0142a tylko do momentu, gdy nadal b\u0119dziesz go trzyma\u0107.<\/p>\n<p>&nbsp;<\/p>\n<h6>*Nasze efekty s\u0105 wykonywane r\u0119cznie, dlatego mog\u0105 wyst\u0105pi\u0107 drobne niedoskona\u0142o\u015bci na obudowie<\/h6>\n<p class=\"p1\"><span class=\"s1\">\u00a0<\/span><\/p>","protected":false},"excerpt":{"rendered":"<p>Caffeine to efekt Booster, idealny do podbicia g\u0142o\u015bno\u015bci instrumentu, wprowadzenia lampowego wzmacniacza w bardziej \"zgrzytliwe\" brzmienie, dodania dodatkowego kana\u0142u gain do efekt\u00f3w przesteru lub po prostu wzbogacenia harmonicznej zawarto\u015bci sygna\u0142u.<\/p>","protected":false},"featured_media":143,"comment_status":"closed","ping_status":"closed","template":"","meta":{"_crdt_document":"","inline_featured_image":false,"wds_primary_product_brand":0,"wds_primary_product_cat":0},"product_brand":[],"product_cat":[92],"product_tag":[],"class_list":{"0":"post-138","1":"product","2":"type-product","3":"status-publish","4":"has-post-thumbnail","6":"product_cat-discontinued","7":"product_shipping_class-small-shipping","9":"first","10":"outofstock","11":"taxable","12":"shipping-taxable","13":"product-type-simple"},"jetpack_sharing_enabled":true,"_links":{"self":[{"href":"https:\/\/www.sitek.rocks\/pl\/wp-json\/wp\/v2\/product\/138","targetHints":{"allow":["GET"]}}],"collection":[{"href":"https:\/\/www.sitek.rocks\/pl\/wp-json\/wp\/v2\/product"}],"about":[{"href":"https:\/\/www.sitek.rocks\/pl\/wp-json\/wp\/v2\/types\/product"}],"replies":[{"embeddable":true,"href":"https:\/\/www.sitek.rocks\/pl\/wp-json\/wp\/v2\/comments?post=138"}],"wp:featuredmedia":[{"embeddable":true,"href":"https:\/\/www.sitek.rocks\/pl\/wp-json\/wp\/v2\/media\/143"}],"wp:attachment":[{"href":"https:\/\/www.sitek.rocks\/pl\/wp-json\/wp\/v2\/media?parent=138"}],"wp:term":[{"taxonomy":"product_brand","embeddable":true,"href":"https:\/\/www.sitek.rocks\/pl\/wp-json\/wp\/v2\/product_brand?post=138"},{"taxonomy":"product_cat","embeddable":true,"href":"https:\/\/www.sitek.rocks\/pl\/wp-json\/wp\/v2\/product_cat?post=138"},{"taxonomy":"product_tag","embeddable":true,"href":"https:\/\/www.sitek.rocks\/pl\/wp-json\/wp\/v2\/product_tag?post=138"}],"curies":[{"name":"wp","href":"https:\/\/api.w.org\/{rel}","templated":true}]}}