{"id":131,"date":"2018-08-15T21:21:47","date_gmt":"2018-08-15T20:21:47","guid":{"rendered":"http:\/\/beta.sitek.rocks\/?post_type=product&#038;p=131"},"modified":"2026-04-28T07:38:24","modified_gmt":"2026-04-28T06:38:24","slug":"cocoa-distortion","status":"publish","type":"product","link":"https:\/\/www.sitek.rocks\/pl\/produkt\/cocoa-distortion\/","title":{"rendered":"Cocoa Distortion"},"content":{"rendered":"<p class=\"p1\"><span class=\"s1\">Poznaj nasz\u0105 egzotyczn\u0105 Muz\u0119. Cocoa skrywa staro\u017cytne receptury na ciep\u0142e i s\u0142odkie brzmienie gitary. Skosztuj jej bogatego i kremowego overdrive\u2019u lub soczystego distortion i nasy\u0107 sw\u00f3j sygna\u0142 harmonicznymi endorfinami.<\/span><\/p>\n<p class=\"p1\"><span class=\"s1\">Cocoa to wszechstronny efekt gain, zapewniaj\u0105cy szeroki zakres brzmie\u0144 \u2013 od czystego boostu, przez mi\u0119kki overdrive, a\u017c po bogaty w harmoniczne distortion. Jej tryby pracy Soft\/Hard pozwalaj\u0105 u\u017cytkownikowi uzyska\u0107 r\u00f3\u017cne charakterystyki przesteru, a prosta i skuteczna regulacja tonu pomaga kontrolowa\u0107 wysokie cz\u0119stotliwo\u015bci sygna\u0142u wyj\u015bciowego.\n\nTa Muza doskonale sprawdza si\u0119 zar\u00f3wno w dynamicznej grze rytmicznej, jak i przy \u015bpiewnych partiach solowych. Cocoa zosta\u0142a zaprojektowana tak, aby zapewni\u0107 solidny poziom wyj\u015bciowy i z \u0142atwo\u015bci\u0105 wprawi\u0107 Tw\u00f3j wzmacniacz lub kolejny etap sygna\u0142u w przyjemne, naturalne nasycenie.<br \/>\n<\/span><\/p>\n<p class=\"p1\"><span class=\"s1\">Ta Muza to op-ampowy, w 100% analogowy obw\u00f3d, zaprojektowany z dwoma starannie dobranymi charakterystykami clippingu. Cocoa nadaje si\u0119 zar\u00f3wno do zastosowa\u0144 na \u017cywo, jak i w studio.<\/span><\/p>\n<h6>*Nasze efekty s\u0105 wykonywane r\u0119cznie, dlatego mog\u0105 wyst\u0105pi\u0107 drobne niedoskona\u0142o\u015bci na obudowie<\/h6>","protected":false},"excerpt":{"rendered":"<p class=\"p1\"><span class=\"s1\">Cocoa to wszechstronny efekt gain, zapewniaj\u0105cy szeroki zakres brzmie\u0144 \u2013 od czystego boostu, przez p\u0142ynny overdrive, a\u017c po bogaty w harmoniczne distortion. 2 Tryby pracy Soft i Hard pozwalaj\u0105 u\u017cytkownikowi uzyska\u0107 r\u00f3\u017cny charakter przesteru, a prosta i skuteczna regulacja brzmienia pomaga kontrolowa\u0107 wysokie cz\u0119stotliwo\u015bci sygna\u0142u wyj\u015bciowego.<\/span><\/p>","protected":false},"featured_media":8270,"comment_status":"closed","ping_status":"closed","template":"","meta":{"_crdt_document":"","inline_featured_image":false,"wds_primary_product_brand":0,"wds_primary_product_cat":0},"product_brand":[],"product_cat":[18,22,26],"product_tag":[23,41,52,24],"class_list":{"0":"post-131","1":"product","2":"type-product","3":"status-publish","4":"has-post-thumbnail","6":"product_cat-distortion-fuzz","7":"product_cat-overdrive","8":"product_cat-pedals","9":"product_tag-distortion","10":"product_tag-guitar-gear","11":"product_tag-guitar-pedals","12":"product_tag-pedal","14":"first","15":"instock","16":"taxable","17":"shipping-taxable","18":"purchasable","19":"product-type-simple"},"jetpack_sharing_enabled":true,"_links":{"self":[{"href":"https:\/\/www.sitek.rocks\/pl\/wp-json\/wp\/v2\/product\/131","targetHints":{"allow":["GET"]}}],"collection":[{"href":"https:\/\/www.sitek.rocks\/pl\/wp-json\/wp\/v2\/product"}],"about":[{"href":"https:\/\/www.sitek.rocks\/pl\/wp-json\/wp\/v2\/types\/product"}],"replies":[{"embeddable":true,"href":"https:\/\/www.sitek.rocks\/pl\/wp-json\/wp\/v2\/comments?post=131"}],"wp:featuredmedia":[{"embeddable":true,"href":"https:\/\/www.sitek.rocks\/pl\/wp-json\/wp\/v2\/media\/8270"}],"wp:attachment":[{"href":"https:\/\/www.sitek.rocks\/pl\/wp-json\/wp\/v2\/media?parent=131"}],"wp:term":[{"taxonomy":"product_brand","embeddable":true,"href":"https:\/\/www.sitek.rocks\/pl\/wp-json\/wp\/v2\/product_brand?post=131"},{"taxonomy":"product_cat","embeddable":true,"href":"https:\/\/www.sitek.rocks\/pl\/wp-json\/wp\/v2\/product_cat?post=131"},{"taxonomy":"product_tag","embeddable":true,"href":"https:\/\/www.sitek.rocks\/pl\/wp-json\/wp\/v2\/product_tag?post=131"}],"curies":[{"name":"wp","href":"https:\/\/api.w.org\/{rel}","templated":true}]}}