{"id":104,"date":"2018-08-15T14:49:01","date_gmt":"2018-08-15T13:49:01","guid":{"rendered":"http:\/\/beta.sitek.rocks\/?post_type=product&#038;p=104"},"modified":"2023-01-23T22:48:05","modified_gmt":"2023-01-23T21:48:05","slug":"sirena-digital-delay","status":"publish","type":"product","link":"https:\/\/www.sitek.rocks\/pl\/produkt\/sirena-digital-delay\/","title":{"rendered":"Sirena Digital Delay"},"content":{"rendered":"<div class=\"page\" title=\"Page 1\">\n<div class=\"layoutArea\">\n<div class=\"column\">\n<p>Meet our Sea Beauty. Sirena loves luring guitar players with her warm and natural sounding repeats. She is always ready to enrich your playing and help you in creating beautiful and dreamy soundscapes.<\/p>\n<p>Sirena is a digital delay modelled to sound like classic analog echo units. Instead of full range repeats it offers warm and ambient repetitions with a natural decay and variety of delay times. She is designed to play well with both clean and distorted tones. Two modes of operation (True Bypass or Buffered Bypass with \u201cTails\u201d) make the pedal even more flexible. She can also be used to produce unusual, creative sounds &#8211; just increase the repeats and play around with the knobs!<\/p>\n<p>This Muse has an analog direct signal path built upon high quality audio amplifiers and uses a digital chip as a mean to create delay repeats. Sirena is suitable for both live and studio applications.<\/p>\n<p class=\"p1\"><span class=\"s1\">Sirena operates on a standard 9-12V DC power supply with a 2.1mm negative centre barrel or a 9V battery.<br \/>\n<\/span><\/p>\n<p class=\"p1\"><span class=\"s1\"><b>Smooth-Click\u2122 Footswitch<\/b>:<\/span><\/p>\n<p class=\"p2\"><span class=\"s2\">The pedal is equipped with the DeMont Smooth-Click footswitch &#8211; the highest quality footswitch on the market &#8211; and provides True Bypass or Buffered Bypass operation<\/span><\/p>\n<\/div>\n<h6>*Nasze efekty s\u0105 wykonywane r\u0119cznie, dlatego mog\u0105 wyst\u0105pi\u0107 drobne niedoskona\u0142o\u015bci na obudowie<\/h6>\n<\/div>\n<\/div>","protected":false},"excerpt":{"rendered":"<p>Sirena is a Digital Delay with 100% analog signal path (digital chip is just a medium to produce the repeats). This sea beauty has warm, analog sound and provides the delay time up to around 900ms<\/p>\n<p>Controls: Level &#8211; the level of the repeats; Delay &#8211; the length of the delay; Repeats &#8211; the amount of feedback passed to the delay circuit (That allows getting the effect of infinite repeats as well as some freaky cosmic sounds)<\/p>","protected":false},"featured_media":105,"comment_status":"open","ping_status":"closed","template":"","meta":{"_crdt_document":"","inline_featured_image":false,"wds_primary_product_brand":0,"wds_primary_product_cat":0},"product_brand":[],"product_cat":[92],"product_tag":[],"class_list":{"0":"post-104","1":"product","2":"type-product","3":"status-publish","4":"has-post-thumbnail","6":"product_cat-discontinued","7":"product_shipping_class-small-shipping","9":"first","10":"outofstock","11":"taxable","12":"shipping-taxable","13":"product-type-simple"},"jetpack_sharing_enabled":true,"_links":{"self":[{"href":"https:\/\/www.sitek.rocks\/pl\/wp-json\/wp\/v2\/product\/104","targetHints":{"allow":["GET"]}}],"collection":[{"href":"https:\/\/www.sitek.rocks\/pl\/wp-json\/wp\/v2\/product"}],"about":[{"href":"https:\/\/www.sitek.rocks\/pl\/wp-json\/wp\/v2\/types\/product"}],"replies":[{"embeddable":true,"href":"https:\/\/www.sitek.rocks\/pl\/wp-json\/wp\/v2\/comments?post=104"}],"wp:featuredmedia":[{"embeddable":true,"href":"https:\/\/www.sitek.rocks\/pl\/wp-json\/wp\/v2\/media\/105"}],"wp:attachment":[{"href":"https:\/\/www.sitek.rocks\/pl\/wp-json\/wp\/v2\/media?parent=104"}],"wp:term":[{"taxonomy":"product_brand","embeddable":true,"href":"https:\/\/www.sitek.rocks\/pl\/wp-json\/wp\/v2\/product_brand?post=104"},{"taxonomy":"product_cat","embeddable":true,"href":"https:\/\/www.sitek.rocks\/pl\/wp-json\/wp\/v2\/product_cat?post=104"},{"taxonomy":"product_tag","embeddable":true,"href":"https:\/\/www.sitek.rocks\/pl\/wp-json\/wp\/v2\/product_tag?post=104"}],"curies":[{"name":"wp","href":"https:\/\/api.w.org\/{rel}","templated":true}]}}