{"id":43,"date":"2018-08-14T13:02:52","date_gmt":"2018-08-14T12:02:52","guid":{"rendered":"http:\/\/beta.sitek.rocks\/?page_id=43"},"modified":"2023-09-14T12:36:39","modified_gmt":"2023-09-14T11:36:39","slug":"artists","status":"publish","type":"page","link":"https:\/\/www.sitek.rocks\/pl\/artists\/","title":{"rendered":"Arty\u015bci"},"content":{"rendered":"<div class=\"wpb-content-wrapper\"><div style=\"\"class=\"normal_height vc_row wpb_row vc_row-fluid\"><div class=\"wpb_column vc_column_container vc_col-sm-3\"><div class=\"vc_column-inner vc_custom_1555391212598\"><div class=\"wpb_wrapper\">\n\t<div  class=\"wpb_single_image wpb_content_element vc_align_center wpb_content_element vc_custom_1555401025135\">\n\t\t\n\t\t<figure class=\"wpb_wrapper vc_figure\">\n\t\t\t<a class=\"\" data-lightbox=\"lightbox[rel-43-1611750027]\" href=\"https:\/\/www.sitek.rocks\/wp-content\/uploads\/2019\/04\/Amplifier-Sel-Balamir.jpg\" target=\"_self\" class=\"vc_single_image-wrapper vc_box_rounded  vc_box_border_grey\"><img fetchpriority=\"high\" decoding=\"async\" width=\"300\" height=\"300\" src=\"https:\/\/www.sitek.rocks\/wp-content\/uploads\/2019\/04\/Amplifier-Sel-Balamir-300x300.jpg\" class=\"vc_single_image-img attachment-medium\" alt=\"\" title=\"Amplifier Sel Balamir\" srcset=\"https:\/\/www.sitek.rocks\/wp-content\/uploads\/2019\/04\/Amplifier-Sel-Balamir-300x300.jpg 300w, https:\/\/www.sitek.rocks\/wp-content\/uploads\/2019\/04\/Amplifier-Sel-Balamir-100x100.jpg 100w, https:\/\/www.sitek.rocks\/wp-content\/uploads\/2019\/04\/Amplifier-Sel-Balamir-650x650.jpg 650w, https:\/\/www.sitek.rocks\/wp-content\/uploads\/2019\/04\/Amplifier-Sel-Balamir-768x768.jpg 768w, https:\/\/www.sitek.rocks\/wp-content\/uploads\/2019\/04\/Amplifier-Sel-Balamir.jpg 900w\" sizes=\"(max-width: 300px) 100vw, 300px\" \/><\/a>\n\t\t<\/figure>\n\t<\/div>\n\n\t<div class=\"wpb_text_column wpb_content_element\" >\n\t\t<div class=\"wpb_wrapper\">\n\t\t\t<p style=\"text-align: center;\"><strong>Sel Balamir<\/strong> &#8211; <a href=\"https:\/\/www.amplifierband.com\/\">Amplifier<\/a><\/p>\n\n\t\t<\/div>\n\t<\/div>\n<\/div><\/div><\/div><div class=\"wpb_column vc_column_container vc_col-sm-3\"><div class=\"vc_column-inner\"><div class=\"wpb_wrapper\">\n\t<div  class=\"wpb_single_image wpb_content_element vc_align_center wpb_content_element vc_custom_1555391353684\">\n\t\t\n\t\t<figure class=\"wpb_wrapper vc_figure\">\n\t\t\t<div class=\"vc_single_image-wrapper vc_box_rounded  vc_box_border_grey\"><img decoding=\"async\" width=\"300\" height=\"300\" src=\"https:\/\/www.sitek.rocks\/wp-content\/uploads\/2019\/04\/kuba-300x300.jpg\" class=\"vc_single_image-img attachment-medium\" alt=\"\" title=\"kuba\" srcset=\"https:\/\/www.sitek.rocks\/wp-content\/uploads\/2019\/04\/kuba-300x300.jpg 300w, https:\/\/www.sitek.rocks\/wp-content\/uploads\/2019\/04\/kuba-100x100.jpg 100w, https:\/\/www.sitek.rocks\/wp-content\/uploads\/2019\/04\/kuba-650x650.jpg 650w, https:\/\/www.sitek.rocks\/wp-content\/uploads\/2019\/04\/kuba-768x768.jpg 768w, https:\/\/www.sitek.rocks\/wp-content\/uploads\/2019\/04\/kuba.jpg 900w\" sizes=\"(max-width: 300px) 100vw, 300px\" \/><\/div>\n\t\t<\/figure>\n\t<\/div>\n\n\t<div class=\"wpb_text_column wpb_content_element\" >\n\t\t<div class=\"wpb_wrapper\">\n\t\t\t<p style=\"text-align: center;\"><strong>Kuba Podolski<\/strong> &#8211; <a href=\"http:\/\/cubadezoo.com\/\">Cuba de Zoo<\/a><\/p>\n\n\t\t<\/div>\n\t<\/div>\n<\/div><\/div><\/div><div class=\"wpb_column vc_column_container vc_col-sm-3\"><div class=\"vc_column-inner\"><div class=\"wpb_wrapper\">\n\t<div  class=\"wpb_single_image wpb_content_element vc_align_center wpb_content_element vc_custom_1555401365367\">\n\t\t\n\t\t<figure class=\"wpb_wrapper vc_figure\">\n\t\t\t<div class=\"vc_single_image-wrapper vc_box_rounded  vc_box_border_grey\"><img decoding=\"async\" width=\"300\" height=\"300\" src=\"https:\/\/www.sitek.rocks\/wp-content\/uploads\/2019\/04\/54798156_10158292602600744_8894606309119229952_o-300x300.jpg\" class=\"vc_single_image-img attachment-medium\" alt=\"\" title=\"54798156_10158292602600744_8894606309119229952_o\" srcset=\"https:\/\/www.sitek.rocks\/wp-content\/uploads\/2019\/04\/54798156_10158292602600744_8894606309119229952_o-300x300.jpg 300w, https:\/\/www.sitek.rocks\/wp-content\/uploads\/2019\/04\/54798156_10158292602600744_8894606309119229952_o-100x100.jpg 100w, https:\/\/www.sitek.rocks\/wp-content\/uploads\/2019\/04\/54798156_10158292602600744_8894606309119229952_o-650x650.jpg 650w, https:\/\/www.sitek.rocks\/wp-content\/uploads\/2019\/04\/54798156_10158292602600744_8894606309119229952_o-768x768.jpg 768w, https:\/\/www.sitek.rocks\/wp-content\/uploads\/2019\/04\/54798156_10158292602600744_8894606309119229952_o.jpg 900w\" sizes=\"(max-width: 300px) 100vw, 300px\" \/><\/div>\n\t\t<\/figure>\n\t<\/div>\n\n\t<div class=\"wpb_text_column wpb_content_element\" >\n\t\t<div class=\"wpb_wrapper\">\n\t\t\t<p style=\"text-align: center;\"><strong>Shane Diiorio<\/strong> &#8211; <a href=\"https:\/\/www.shanesband.com\/\">Shane Diiorio Band<\/a><\/p>\n\n\t\t<\/div>\n\t<\/div>\n<\/div><\/div><\/div><div class=\"wpb_column vc_column_container vc_col-sm-3\"><div class=\"vc_column-inner\"><div class=\"wpb_wrapper\">\n\t<div  class=\"wpb_single_image wpb_content_element vc_align_center wpb_content_element vc_custom_1555401374329\">\n\t\t\n\t\t<figure class=\"wpb_wrapper vc_figure\">\n\t\t\t<div class=\"vc_single_image-wrapper vc_box_rounded  vc_box_border_grey\"><img loading=\"lazy\" decoding=\"async\" width=\"300\" height=\"300\" src=\"https:\/\/www.sitek.rocks\/wp-content\/uploads\/2019\/04\/Screen-Shot-2019-01-18-at-11.34.28-300x300.png\" class=\"vc_single_image-img attachment-medium\" alt=\"\" title=\"Screen Shot 2019-01-18 at 11.34.28\" srcset=\"https:\/\/www.sitek.rocks\/wp-content\/uploads\/2019\/04\/Screen-Shot-2019-01-18-at-11.34.28-300x300.png 300w, https:\/\/www.sitek.rocks\/wp-content\/uploads\/2019\/04\/Screen-Shot-2019-01-18-at-11.34.28-100x100.png 100w, https:\/\/www.sitek.rocks\/wp-content\/uploads\/2019\/04\/Screen-Shot-2019-01-18-at-11.34.28-650x650.png 650w, https:\/\/www.sitek.rocks\/wp-content\/uploads\/2019\/04\/Screen-Shot-2019-01-18-at-11.34.28-768x768.png 768w, https:\/\/www.sitek.rocks\/wp-content\/uploads\/2019\/04\/Screen-Shot-2019-01-18-at-11.34.28.png 900w\" sizes=\"(max-width: 300px) 100vw, 300px\" \/><\/div>\n\t\t<\/figure>\n\t<\/div>\n\n\t<div class=\"wpb_text_column wpb_content_element\" >\n\t\t<div class=\"wpb_wrapper\">\n\t\t\t<p style=\"text-align: center;\"><strong>James Borrowdale<\/strong> &#8211; <a href=\"https:\/\/www.awoogaband.com\/\">Awooga<\/a><\/p>\n\n\t\t<\/div>\n\t<\/div>\n<\/div><\/div><\/div><\/div><div style=\"\"class=\"normal_height vc_row wpb_row vc_row-fluid\"><div class=\"wpb_column vc_column_container vc_col-sm-3\"><div class=\"vc_column-inner vc_custom_1555391212598\"><div class=\"wpb_wrapper\">\n\t<div  class=\"wpb_single_image wpb_content_element vc_align_center wpb_content_element vc_custom_1694686320694\">\n\t\t\n\t\t<figure class=\"wpb_wrapper vc_figure\">\n\t\t\t<a class=\"\" data-lightbox=\"lightbox[rel-43-373995069]\" href=\"https:\/\/www.sitek.rocks\/wp-content\/uploads\/2023\/09\/Marcin_Kobryn_Javvs.jpeg\" target=\"_self\" class=\"vc_single_image-wrapper vc_box_rounded  vc_box_border_grey\"><img loading=\"lazy\" decoding=\"async\" width=\"300\" height=\"300\" src=\"https:\/\/www.sitek.rocks\/wp-content\/uploads\/2023\/09\/Marcin_Kobryn_Javvs-300x300.jpeg\" class=\"vc_single_image-img attachment-medium\" alt=\"\" title=\"Marcin_Kobryn_Javvs\" srcset=\"https:\/\/www.sitek.rocks\/wp-content\/uploads\/2023\/09\/Marcin_Kobryn_Javvs-300x300.jpeg 300w, https:\/\/www.sitek.rocks\/wp-content\/uploads\/2023\/09\/Marcin_Kobryn_Javvs-100x100.jpeg 100w, https:\/\/www.sitek.rocks\/wp-content\/uploads\/2023\/09\/Marcin_Kobryn_Javvs-650x650.jpeg 650w, https:\/\/www.sitek.rocks\/wp-content\/uploads\/2023\/09\/Marcin_Kobryn_Javvs-768x768.jpeg 768w, https:\/\/www.sitek.rocks\/wp-content\/uploads\/2023\/09\/Marcin_Kobryn_Javvs.jpeg 828w\" sizes=\"(max-width: 300px) 100vw, 300px\" \/><\/a>\n\t\t<\/figure>\n\t<\/div>\n\n\t<div class=\"wpb_text_column wpb_content_element\" >\n\t\t<div class=\"wpb_wrapper\">\n\t\t\t<p style=\"text-align: center;\"><strong>Marcin Kobry\u0144<\/strong>\u00a0&#8211; <a href=\"https:\/\/www.facebook.com\/PinkRosesPoland\">Pink Roses<\/a><\/p>\n\n\t\t<\/div>\n\t<\/div>\n<\/div><\/div><\/div><div class=\"wpb_column vc_column_container vc_col-sm-3\"><div class=\"vc_column-inner\"><div class=\"wpb_wrapper\">\n\t<div  class=\"wpb_single_image wpb_content_element vc_align_center wpb_content_element vc_custom_1561838892844\">\n\t\t\n\t\t<figure class=\"wpb_wrapper vc_figure\">\n\t\t\t<a class=\"\" data-lightbox=\"lightbox[rel-43-3614280956]\" href=\"https:\/\/www.sitek.rocks\/wp-content\/uploads\/2019\/06\/Lee-Butler-AxegrinderUK.jpeg\" target=\"_self\" class=\"vc_single_image-wrapper vc_box_rounded  vc_box_border_grey\"><img loading=\"lazy\" decoding=\"async\" width=\"300\" height=\"300\" src=\"https:\/\/www.sitek.rocks\/wp-content\/uploads\/2019\/06\/Lee-Butler-AxegrinderUK-300x300.jpeg\" class=\"vc_single_image-img attachment-medium\" alt=\"\" title=\"Lee Butler- AxegrinderUK\" srcset=\"https:\/\/www.sitek.rocks\/wp-content\/uploads\/2019\/06\/Lee-Butler-AxegrinderUK-300x300.jpeg 300w, https:\/\/www.sitek.rocks\/wp-content\/uploads\/2019\/06\/Lee-Butler-AxegrinderUK-100x100.jpeg 100w, https:\/\/www.sitek.rocks\/wp-content\/uploads\/2019\/06\/Lee-Butler-AxegrinderUK-650x650.jpeg 650w, https:\/\/www.sitek.rocks\/wp-content\/uploads\/2019\/06\/Lee-Butler-AxegrinderUK-768x768.jpeg 768w, https:\/\/www.sitek.rocks\/wp-content\/uploads\/2019\/06\/Lee-Butler-AxegrinderUK.jpeg 900w\" sizes=\"(max-width: 300px) 100vw, 300px\" \/><\/a>\n\t\t<\/figure>\n\t<\/div>\n\n\t<div class=\"wpb_text_column wpb_content_element\" >\n\t\t<div class=\"wpb_wrapper\">\n\t\t\t<p style=\"text-align: center;\"><a href=\"https:\/\/www.youtube.com\/axegrinderuk\"><strong>Lee Butler<\/strong><\/a><\/p>\n\n\t\t<\/div>\n\t<\/div>\n<\/div><\/div><\/div><div class=\"wpb_column vc_column_container vc_col-sm-3\"><div class=\"vc_column-inner\"><div class=\"wpb_wrapper\">\n\t<div  class=\"wpb_single_image wpb_content_element vc_align_center wpb_content_element vc_custom_1565243375449\">\n\t\t\n\t\t<figure class=\"wpb_wrapper vc_figure\">\n\t\t\t<a class=\"\" data-lightbox=\"lightbox[rel-43-2786728792]\" href=\"https:\/\/www.sitek.rocks\/wp-content\/uploads\/2019\/08\/Joss-Allen.png\" target=\"_self\" class=\"vc_single_image-wrapper vc_box_rounded  vc_box_border_grey\"><img loading=\"lazy\" decoding=\"async\" width=\"300\" height=\"300\" src=\"https:\/\/www.sitek.rocks\/wp-content\/uploads\/2019\/08\/Joss-Allen-300x300.png\" class=\"vc_single_image-img attachment-medium\" alt=\"\" title=\"Joss Allen\" srcset=\"https:\/\/www.sitek.rocks\/wp-content\/uploads\/2019\/08\/Joss-Allen-300x300.png 300w, https:\/\/www.sitek.rocks\/wp-content\/uploads\/2019\/08\/Joss-Allen-100x100.png 100w, https:\/\/www.sitek.rocks\/wp-content\/uploads\/2019\/08\/Joss-Allen-650x650.png 650w, https:\/\/www.sitek.rocks\/wp-content\/uploads\/2019\/08\/Joss-Allen-768x768.png 768w, https:\/\/www.sitek.rocks\/wp-content\/uploads\/2019\/08\/Joss-Allen.png 900w\" sizes=\"(max-width: 300px) 100vw, 300px\" \/><\/a>\n\t\t<\/figure>\n\t<\/div>\n\n\t<div class=\"wpb_text_column wpb_content_element\" >\n\t\t<div class=\"wpb_wrapper\">\n\t\t\t<p style=\"text-align: center;\"><a href=\"https:\/\/www.youtube.com\/channel\/UCPAyPZ6oGy2jtx8Bzje-XLA\"><b>Joss Allen<\/b><\/a><\/p>\n\n\t\t<\/div>\n\t<\/div>\n<\/div><\/div><\/div><div class=\"wpb_column vc_column_container vc_col-sm-3\"><div class=\"vc_column-inner\"><div class=\"wpb_wrapper\">\n\t<div  class=\"wpb_single_image wpb_content_element vc_align_center wpb_content_element vc_custom_1570997889350\">\n\t\t\n\t\t<figure class=\"wpb_wrapper vc_figure\">\n\t\t\t<a class=\"\" data-lightbox=\"lightbox[rel-43-2051883075]\" href=\"https:\/\/www.sitek.rocks\/wp-content\/uploads\/2019\/10\/Natalia-.jpg\" target=\"_self\" class=\"vc_single_image-wrapper vc_box_rounded  vc_box_border_grey\"><img loading=\"lazy\" decoding=\"async\" width=\"300\" height=\"300\" src=\"https:\/\/www.sitek.rocks\/wp-content\/uploads\/2019\/10\/Natalia--300x300.jpg\" class=\"vc_single_image-img attachment-medium\" alt=\"\" title=\"Natalia\" srcset=\"https:\/\/www.sitek.rocks\/wp-content\/uploads\/2019\/10\/Natalia--300x300.jpg 300w, https:\/\/www.sitek.rocks\/wp-content\/uploads\/2019\/10\/Natalia--100x100.jpg 100w, https:\/\/www.sitek.rocks\/wp-content\/uploads\/2019\/10\/Natalia--650x650.jpg 650w, https:\/\/www.sitek.rocks\/wp-content\/uploads\/2019\/10\/Natalia--768x768.jpg 768w, https:\/\/www.sitek.rocks\/wp-content\/uploads\/2019\/10\/Natalia-.jpg 900w\" sizes=\"(max-width: 300px) 100vw, 300px\" \/><\/a>\n\t\t<\/figure>\n\t<\/div>\n\n\t<div class=\"wpb_text_column wpb_content_element\" >\n\t\t<div class=\"wpb_wrapper\">\n\t\t\t<p style=\"text-align: center;\"><strong>Zagi<\/strong>\u00a0&#8211; <a href=\"http:\/\/zagi.pl\/\">Zagi<\/a><\/p>\n\n\t\t<\/div>\n\t<\/div>\n<\/div><\/div><\/div><\/div><div style=\"\"class=\"normal_height vc_row wpb_row vc_row-fluid\"><div class=\"wpb_column vc_column_container vc_col-sm-3\"><div class=\"vc_column-inner vc_custom_1555391212598\"><div class=\"wpb_wrapper\">\n\t<div  class=\"wpb_single_image wpb_content_element vc_align_center wpb_content_element vc_custom_1571217086567\">\n\t\t\n\t\t<figure class=\"wpb_wrapper vc_figure\">\n\t\t\t<a class=\"\" data-lightbox=\"lightbox[rel-43-1124241224]\" href=\"https:\/\/www.sitek.rocks\/wp-content\/uploads\/2019\/10\/Zagi-Maciek.jpg\" target=\"_self\" class=\"vc_single_image-wrapper vc_box_rounded  vc_box_border_grey\"><img loading=\"lazy\" decoding=\"async\" width=\"300\" height=\"300\" src=\"https:\/\/www.sitek.rocks\/wp-content\/uploads\/2019\/10\/Zagi-Maciek-300x300.jpg\" class=\"vc_single_image-img attachment-medium\" alt=\"\" title=\"OLYMPUS DIGITAL CAMERA\" srcset=\"https:\/\/www.sitek.rocks\/wp-content\/uploads\/2019\/10\/Zagi-Maciek-300x300.jpg 300w, https:\/\/www.sitek.rocks\/wp-content\/uploads\/2019\/10\/Zagi-Maciek-100x100.jpg 100w, https:\/\/www.sitek.rocks\/wp-content\/uploads\/2019\/10\/Zagi-Maciek-650x650.jpg 650w, https:\/\/www.sitek.rocks\/wp-content\/uploads\/2019\/10\/Zagi-Maciek-768x768.jpg 768w, https:\/\/www.sitek.rocks\/wp-content\/uploads\/2019\/10\/Zagi-Maciek.jpg 900w\" sizes=\"(max-width: 300px) 100vw, 300px\" \/><\/a>\n\t\t<\/figure>\n\t<\/div>\n\n\t<div class=\"wpb_text_column wpb_content_element\" >\n\t\t<div class=\"wpb_wrapper\">\n\t\t\t<p style=\"text-align: center;\"><strong>Maciek Izdebski<\/strong> &#8211; <a href=\"http:\/\/zagi.pl\/\">Zagi<\/a><\/p>\n\n\t\t<\/div>\n\t<\/div>\n<\/div><\/div><\/div><div class=\"wpb_column vc_column_container vc_col-sm-3\"><div class=\"vc_column-inner\"><div class=\"wpb_wrapper\">\n\t<div  class=\"wpb_single_image wpb_content_element vc_align_center wpb_content_element vc_custom_1578925251794\">\n\t\t\n\t\t<figure class=\"wpb_wrapper vc_figure\">\n\t\t\t<a href=\"https:\/\/www.facebook.com\/TheFreedomBandNS\/\" target=\"_self\" class=\"vc_single_image-wrapper vc_box_rounded  vc_box_border_grey\"><img loading=\"lazy\" decoding=\"async\" width=\"300\" height=\"300\" src=\"https:\/\/www.sitek.rocks\/wp-content\/uploads\/2020\/01\/Micha\u0142-Kotlarz-T.F.B.-300x300.jpg\" class=\"vc_single_image-img attachment-medium\" alt=\"\" title=\"Micha\u0142 Kotlarz - T.F.B.\" srcset=\"https:\/\/www.sitek.rocks\/wp-content\/uploads\/2020\/01\/Micha\u0142-Kotlarz-T.F.B.-300x300.jpg 300w, https:\/\/www.sitek.rocks\/wp-content\/uploads\/2020\/01\/Micha\u0142-Kotlarz-T.F.B.-100x100.jpg 100w, https:\/\/www.sitek.rocks\/wp-content\/uploads\/2020\/01\/Micha\u0142-Kotlarz-T.F.B.-650x650.jpg 650w, https:\/\/www.sitek.rocks\/wp-content\/uploads\/2020\/01\/Micha\u0142-Kotlarz-T.F.B.-768x768.jpg 768w, https:\/\/www.sitek.rocks\/wp-content\/uploads\/2020\/01\/Micha\u0142-Kotlarz-T.F.B..jpg 900w\" sizes=\"(max-width: 300px) 100vw, 300px\" \/><\/a>\n\t\t<\/figure>\n\t<\/div>\n\n\t<div class=\"wpb_text_column wpb_content_element\" >\n\t\t<div class=\"wpb_wrapper\">\n\t\t\t<p style=\"text-align: center;\"><b>Micha\u0142 Kotlarz <\/b>&#8211; <a href=\"https:\/\/www.facebook.com\/TheFreedomBandNS\/\">T.F.B.<\/a><\/p>\n\n\t\t<\/div>\n\t<\/div>\n<\/div><\/div><\/div><div class=\"wpb_column vc_column_container vc_col-sm-3\"><div class=\"vc_column-inner\"><div class=\"wpb_wrapper\">\n\t<div  class=\"wpb_single_image wpb_content_element vc_align_center wpb_content_element vc_custom_1591653062460\">\n\t\t\n\t\t<figure class=\"wpb_wrapper vc_figure\">\n\t\t\t<a href=\"https:\/\/www.facebook.com\/TheFreedomBandNS\/\" target=\"_self\" class=\"vc_single_image-wrapper vc_box_rounded  vc_box_border_grey\"><img loading=\"lazy\" decoding=\"async\" width=\"300\" height=\"300\" src=\"https:\/\/www.sitek.rocks\/wp-content\/uploads\/2020\/06\/Justin-G-300x300.jpg\" class=\"vc_single_image-img attachment-medium\" alt=\"\" title=\"Justin G\" srcset=\"https:\/\/www.sitek.rocks\/wp-content\/uploads\/2020\/06\/Justin-G-300x300.jpg 300w, https:\/\/www.sitek.rocks\/wp-content\/uploads\/2020\/06\/Justin-G-100x100.jpg 100w, https:\/\/www.sitek.rocks\/wp-content\/uploads\/2020\/06\/Justin-G-650x650.jpg 650w, https:\/\/www.sitek.rocks\/wp-content\/uploads\/2020\/06\/Justin-G-768x768.jpg 768w, https:\/\/www.sitek.rocks\/wp-content\/uploads\/2020\/06\/Justin-G.jpg 900w\" sizes=\"(max-width: 300px) 100vw, 300px\" \/><\/a>\n\t\t<\/figure>\n\t<\/div>\n\n\t<div class=\"wpb_text_column wpb_content_element\" >\n\t\t<div class=\"wpb_wrapper\">\n\t\t\t<p style=\"text-align: center;\"><b>Justin Greaves <\/b>&#8211;<a href=\"http:\/\/www.crippledblackphoenix.co.uk\/\"> Crippled Black Phoenix<\/a><\/p>\n\n\t\t<\/div>\n\t<\/div>\n<\/div><\/div><\/div><div class=\"wpb_column vc_column_container vc_col-sm-3\"><div class=\"vc_column-inner\"><div class=\"wpb_wrapper\">\n\t<div  class=\"wpb_single_image wpb_content_element vc_align_center wpb_content_element vc_custom_1591653217560\">\n\t\t\n\t\t<figure class=\"wpb_wrapper vc_figure\">\n\t\t\t<a href=\"https:\/\/www.facebook.com\/TheFreedomBandNS\/\" target=\"_self\" class=\"vc_single_image-wrapper vc_box_rounded  vc_box_border_grey\"><img loading=\"lazy\" decoding=\"async\" width=\"300\" height=\"300\" src=\"https:\/\/www.sitek.rocks\/wp-content\/uploads\/2020\/06\/Litza-300x300.png\" class=\"vc_single_image-img attachment-medium\" alt=\"\" title=\"Litza\" srcset=\"https:\/\/www.sitek.rocks\/wp-content\/uploads\/2020\/06\/Litza-300x300.png 300w, https:\/\/www.sitek.rocks\/wp-content\/uploads\/2020\/06\/Litza-100x100.png 100w, https:\/\/www.sitek.rocks\/wp-content\/uploads\/2020\/06\/Litza-650x650.png 650w, https:\/\/www.sitek.rocks\/wp-content\/uploads\/2020\/06\/Litza-768x768.png 768w, https:\/\/www.sitek.rocks\/wp-content\/uploads\/2020\/06\/Litza.png 900w\" sizes=\"(max-width: 300px) 100vw, 300px\" \/><\/a>\n\t\t<\/figure>\n\t<\/div>\n\n\t<div class=\"wpb_text_column wpb_content_element\" >\n\t\t<div class=\"wpb_wrapper\">\n\t\t\t<p style=\"text-align: center;\"><b>Litza <\/b>&#8211; <a href=\"https:\/\/www.luxtorpeda.eu\/\">Luxtorpeda<\/a><\/p>\n\n\t\t<\/div>\n\t<\/div>\n<\/div><\/div><\/div><\/div><div style=\"\"class=\"normal_height vc_row wpb_row vc_row-fluid\"><div class=\"wpb_column vc_column_container vc_col-sm-3\"><div class=\"vc_column-inner vc_custom_1555391212598\"><div class=\"wpb_wrapper\">\n\t<div  class=\"wpb_single_image wpb_content_element vc_align_center wpb_content_element vc_custom_1612518098788\">\n\t\t\n\t\t<figure class=\"wpb_wrapper vc_figure\">\n\t\t\t<a class=\"\" data-lightbox=\"lightbox[rel-43-2403522822]\" href=\"https:\/\/www.sitek.rocks\/wp-content\/uploads\/2021\/02\/Nick-DiSalvo-Elder.jpg\" target=\"_self\" class=\"vc_single_image-wrapper vc_box_rounded  vc_box_border_grey\"><img loading=\"lazy\" decoding=\"async\" width=\"300\" height=\"300\" src=\"https:\/\/www.sitek.rocks\/wp-content\/uploads\/2021\/02\/Nick-DiSalvo-Elder-300x300.jpg\" class=\"vc_single_image-img attachment-medium\" alt=\"\" title=\"Nick DiSalvo - Elder\" srcset=\"https:\/\/www.sitek.rocks\/wp-content\/uploads\/2021\/02\/Nick-DiSalvo-Elder-300x300.jpg 300w, https:\/\/www.sitek.rocks\/wp-content\/uploads\/2021\/02\/Nick-DiSalvo-Elder-100x100.jpg 100w, https:\/\/www.sitek.rocks\/wp-content\/uploads\/2021\/02\/Nick-DiSalvo-Elder-650x650.jpg 650w, https:\/\/www.sitek.rocks\/wp-content\/uploads\/2021\/02\/Nick-DiSalvo-Elder-768x768.jpg 768w, https:\/\/www.sitek.rocks\/wp-content\/uploads\/2021\/02\/Nick-DiSalvo-Elder.jpg 900w\" sizes=\"(max-width: 300px) 100vw, 300px\" \/><\/a>\n\t\t<\/figure>\n\t<\/div>\n\n\t<div class=\"wpb_text_column wpb_content_element\" >\n\t\t<div class=\"wpb_wrapper\">\n\t\t\t<p style=\"text-align: center;\"><strong>Nick DiSalvo<\/strong> &#8211; <a href=\"https:\/\/beholdtheelder.com\/\">Elder<\/a><\/p>\n\n\t\t<\/div>\n\t<\/div>\n<\/div><\/div><\/div><div class=\"wpb_column vc_column_container vc_col-sm-3\"><div class=\"vc_column-inner\"><div class=\"wpb_wrapper\">\n\t<div  class=\"wpb_single_image wpb_content_element vc_align_center wpb_content_element vc_custom_1628111941094\">\n\t\t\n\t\t<figure class=\"wpb_wrapper vc_figure\">\n\t\t\t<a class=\"\" data-lightbox=\"lightbox[rel-43-2973773667]\" href=\"https:\/\/www.sitek.rocks\/wp-content\/uploads\/2021\/08\/Baranovski.png\" target=\"_self\" class=\"vc_single_image-wrapper vc_box_rounded  vc_box_border_grey\"><img loading=\"lazy\" decoding=\"async\" width=\"300\" height=\"300\" src=\"https:\/\/www.sitek.rocks\/wp-content\/uploads\/2021\/08\/Baranovski-300x300.png\" class=\"vc_single_image-img attachment-medium\" alt=\"\" title=\"Baranovski\" srcset=\"https:\/\/www.sitek.rocks\/wp-content\/uploads\/2021\/08\/Baranovski-300x300.png 300w, https:\/\/www.sitek.rocks\/wp-content\/uploads\/2021\/08\/Baranovski-100x100.png 100w, https:\/\/www.sitek.rocks\/wp-content\/uploads\/2021\/08\/Baranovski-650x650.png 650w, https:\/\/www.sitek.rocks\/wp-content\/uploads\/2021\/08\/Baranovski-768x768.png 768w, https:\/\/www.sitek.rocks\/wp-content\/uploads\/2021\/08\/Baranovski-60x60.png 60w, https:\/\/www.sitek.rocks\/wp-content\/uploads\/2021\/08\/Baranovski-90x90.png 90w, https:\/\/www.sitek.rocks\/wp-content\/uploads\/2021\/08\/Baranovski.png 900w\" sizes=\"(max-width: 300px) 100vw, 300px\" \/><\/a>\n\t\t<\/figure>\n\t<\/div>\n\n\t<div class=\"wpb_text_column wpb_content_element\" >\n\t\t<div class=\"wpb_wrapper\">\n\t\t\t<p style=\"text-align: center;\"><a href=\"https:\/\/www.facebook.com\/baranovskimusic\"><b>Baranovski<\/b><\/a><\/p>\n\n\t\t<\/div>\n\t<\/div>\n<\/div><\/div><\/div><div class=\"wpb_column vc_column_container vc_col-sm-3\"><div class=\"vc_column-inner vc_custom_1694686882113\"><div class=\"wpb_wrapper\">\n\t<div  class=\"wpb_single_image wpb_content_element vc_align_center wpb_content_element vc_custom_1694691395004\">\n\t\t\n\t\t<figure class=\"wpb_wrapper vc_figure\">\n\t\t\t<a class=\"\" data-lightbox=\"lightbox[rel-43-923151674]\" href=\"https:\/\/www.sitek.rocks\/wp-content\/uploads\/2023\/09\/372524323_1270916927640507_3981546718324072812_n-1024x1024.jpg\" target=\"_self\" class=\"vc_single_image-wrapper vc_box_rounded  vc_box_border_grey\"><img loading=\"lazy\" decoding=\"async\" width=\"300\" height=\"300\" src=\"https:\/\/www.sitek.rocks\/wp-content\/uploads\/2023\/09\/372524323_1270916927640507_3981546718324072812_n-300x300.jpg\" class=\"vc_single_image-img attachment-medium\" alt=\"\" title=\"Michal_Bialkowski_Bazgrolki\" srcset=\"https:\/\/www.sitek.rocks\/wp-content\/uploads\/2023\/09\/372524323_1270916927640507_3981546718324072812_n-300x300.jpg 300w, https:\/\/www.sitek.rocks\/wp-content\/uploads\/2023\/09\/372524323_1270916927640507_3981546718324072812_n-100x100.jpg 100w, https:\/\/www.sitek.rocks\/wp-content\/uploads\/2023\/09\/372524323_1270916927640507_3981546718324072812_n-650x650.jpg 650w, https:\/\/www.sitek.rocks\/wp-content\/uploads\/2023\/09\/372524323_1270916927640507_3981546718324072812_n-1024x1024.jpg 1024w, https:\/\/www.sitek.rocks\/wp-content\/uploads\/2023\/09\/372524323_1270916927640507_3981546718324072812_n-768x768.jpg 768w, https:\/\/www.sitek.rocks\/wp-content\/uploads\/2023\/09\/372524323_1270916927640507_3981546718324072812_n-1536x1536.jpg 1536w, https:\/\/www.sitek.rocks\/wp-content\/uploads\/2023\/09\/372524323_1270916927640507_3981546718324072812_n.jpg 2048w\" sizes=\"(max-width: 300px) 100vw, 300px\" \/><\/a>\n\t\t<\/figure>\n\t<\/div>\n\n\t<div class=\"wpb_text_column wpb_content_element\" >\n\t\t<div class=\"wpb_wrapper\">\n\t\t\t<p style=\"text-align: center;\"><strong>Micha\u0142 Bia\u0142kowski<\/strong> &#8211; <a href=\"https:\/\/linktr.ee\/bazgrolki\">Bazgro\u0142ki<\/a><\/p>\n\n\t\t<\/div>\n\t<\/div>\n<\/div><\/div><\/div><div class=\"wpb_column vc_column_container vc_col-sm-3\"><div class=\"vc_column-inner\"><div class=\"wpb_wrapper\"><\/div><\/div><\/div><div class=\"wpb_column vc_column_container vc_col-sm-12\"><div class=\"vc_column-inner\"><div class=\"wpb_wrapper\"><div class=\"vc_empty_space\"   style=\"height: 100px\"><span class=\"vc_empty_space_inner\"><\/span><\/div><div class=\"vc_empty_space\"   style=\"height: 100px\"><span class=\"vc_empty_space_inner\"><\/span><\/div><\/div><\/div><\/div><\/div>\n<\/div>","protected":false},"excerpt":{"rendered":"Sel Balamir - Amplifier Kuba Podolski - Cuba de Zoo Shane Diiorio - Shane Diiorio Band James Borrowdale - Awooga Marcin Kobry\u0144\u00a0- Pink Roses Lee Butler Joss Allen Zagi\u00a0- Zagi Maciek Izdebski - Zagi Micha\u0142 Kotlarz - T.F.B. Justin Greaves - Crippled Black Phoenix Litza - Luxtorpeda Nick DiSalvo - Elder Baranovski Micha\u0142 Bia\u0142kowski - [...]","protected":false},"author":1,"featured_media":0,"parent":0,"menu_order":0,"comment_status":"closed","ping_status":"closed","template":"","meta":{"_crdt_document":"","inline_featured_image":false,"footnotes":""},"class_list":["post-43","page","type-page","status-publish","hentry"],"jetpack_shortlink":"https:\/\/wp.me\/PaaYOr-H","jetpack_sharing_enabled":true,"_links":{"self":[{"href":"https:\/\/www.sitek.rocks\/pl\/wp-json\/wp\/v2\/pages\/43","targetHints":{"allow":["GET"]}}],"collection":[{"href":"https:\/\/www.sitek.rocks\/pl\/wp-json\/wp\/v2\/pages"}],"about":[{"href":"https:\/\/www.sitek.rocks\/pl\/wp-json\/wp\/v2\/types\/page"}],"author":[{"embeddable":true,"href":"https:\/\/www.sitek.rocks\/pl\/wp-json\/wp\/v2\/users\/1"}],"replies":[{"embeddable":true,"href":"https:\/\/www.sitek.rocks\/pl\/wp-json\/wp\/v2\/comments?post=43"}],"version-history":[{"count":0,"href":"https:\/\/www.sitek.rocks\/pl\/wp-json\/wp\/v2\/pages\/43\/revisions"}],"wp:attachment":[{"href":"https:\/\/www.sitek.rocks\/pl\/wp-json\/wp\/v2\/media?parent=43"}],"curies":[{"name":"wp","href":"https:\/\/api.w.org\/{rel}","templated":true}]}}