{"id":14623,"date":"2024-11-22T08:59:49","date_gmt":"2024-11-22T07:59:49","guid":{"rendered":"https:\/\/www.sitek.rocks\/?page_id=14623"},"modified":"2024-11-22T09:12:18","modified_gmt":"2024-11-22T08:12:18","slug":"about","status":"publish","type":"page","link":"https:\/\/www.sitek.rocks\/pl\/about\/","title":{"rendered":"O Nas"},"content":{"rendered":"<div class=\"wp-block-cover alignfull wp-duotone-unset-1\" style=\"min-height:100vh;aspect-ratio:unset;\"><img fetchpriority=\"high\" decoding=\"async\" width=\"1024\" height=\"702\" class=\"wp-block-cover__image-background wp-image-421\" alt=\"\" src=\"https:\/\/www.sitek.rocks\/wp-content\/uploads\/2018\/12\/tlo-1024x702.jpg\" data-object-fit=\"cover\" srcset=\"https:\/\/www.sitek.rocks\/wp-content\/uploads\/2018\/12\/tlo-1024x702.jpg 1024w, https:\/\/www.sitek.rocks\/wp-content\/uploads\/2018\/12\/tlo-300x206.jpg 300w, https:\/\/www.sitek.rocks\/wp-content\/uploads\/2018\/12\/tlo-650x445.jpg 650w, https:\/\/www.sitek.rocks\/wp-content\/uploads\/2018\/12\/tlo-768x526.jpg 768w, https:\/\/www.sitek.rocks\/wp-content\/uploads\/2018\/12\/tlo-1536x1053.jpg 1536w, https:\/\/www.sitek.rocks\/wp-content\/uploads\/2018\/12\/tlo.jpg 1576w\" sizes=\"(max-width: 1024px) 100vw, 1024px\" \/><span aria-hidden=\"true\" class=\"wp-block-cover__background has-background-dim-60 has-background-dim\"><\/span><div class=\"wp-block-cover__inner-container is-layout-flow wp-block-cover-is-layout-flow\">\n<div style=\"height:50px\" aria-hidden=\"true\" class=\"wp-block-spacer\"><\/div>\n\n\n\n<div class=\"wp-block-columns is-layout-flex wp-container-core-columns-is-layout-8f761849 wp-block-columns-is-layout-flex\">\n<div class=\"wp-block-column is-layout-flow wp-block-column-is-layout-flow\" style=\"flex-basis:50%\"><\/div>\n\n\n\n<div class=\"wp-block-column is-layout-flow wp-block-column-is-layout-flow\" style=\"flex-basis:48%\">\n<p class=\"has-white-color has-text-color has-link-color wp-elements-147d566a21d9560ee031aa586c882438 wp-block-paragraph\" style=\"font-size:16px\">Hi, I\u2019m <strong>Andy Sitek<\/strong>!<\/p>\n\n\n\n<p class=\"has-white-color has-text-color has-link-color wp-elements-09993951af438d429f7dc64e14fc04ac wp-block-paragraph\" style=\"font-size:16px\">Together with my wife, <strong>Hania<\/strong>, we are the founders of <strong>Sitek Guitar Electronics<\/strong>. Everything started with our love for music, art, and engineering. Music has always been a significant part of our lives. I have been a passionate rock fan and used to play in a rock band with my friends. Hania has a solid musical education and loves singing and playing the piano. She is also an artist\u2014studying painting and graphic design. I continued my journey with sound by earning a degree in Sound Engineering, and exploring electronics during my university days was incredibly inspiring. Our pedals are an expression of our talents, knowledge, passions, and love.<\/p>\n\n\n\n<p class=\"has-white-color has-text-color has-link-color wp-elements-227b2e04544c071918575fd51beedbd9 wp-block-paragraph\" style=\"font-size:16px\">Each day, we work on creating our original sound through extensive research and prototyping. Included in our vision is a fondness for the traditions behind some of the legendary, high-end iconic pedals. We have created a line of pedals whose designs and names are inspired by our vision of <strong>Sound Muses<\/strong>, capturing each pedal\u2019s unique nature. Engineering, art, time, and passion are invested in every single one of them.<\/p>\n\n\n\n<div style=\"height:0px\" aria-hidden=\"true\" class=\"wp-block-spacer\"><\/div>\n\n\n\n<blockquote class=\"wp-block-quote is-style-default has-white-color has-text-color has-link-color wp-elements-1a87bba5c42099c5d6c57fce491807b1 is-layout-flow wp-block-quote-is-layout-flow\" style=\"font-size:16px\">\n<p class=\"has-white-color has-text-color has-link-color wp-elements-58fb9d9cc91e49a7c15fe0ebe05a453d wp-block-paragraph\" style=\"font-size:16px\">Our vision is to create pedals that sound exceptional and are aesthetically beautiful. They are designed to be technically excellent and are built by hand with great care and love. Each pedal receives the highest level of attention and is crafted with the best quality materials.<\/p>\n<\/blockquote>\n\n\n\n<div style=\"height:16px\" aria-hidden=\"true\" class=\"wp-block-spacer\"><\/div>\n\n\n\n<p class=\"has-white-color has-text-color has-link-color wp-elements-529130b6fe92cae4ac3357784520a90d wp-block-paragraph\" style=\"font-size:16px\">We are driven by our fascination with great tone, high quality, and a love of art. We are on a quest to produce <strong>exceptional guitar pedals<\/strong>, and we guarantee that your experience with our products will be second to none.<\/p>\n<\/div>\n\n\n\n<div class=\"wp-block-column is-layout-flow wp-block-column-is-layout-flow\" style=\"flex-basis:2%\"><\/div>\n<\/div>\n<\/div><\/div>\n\n\n\n<div style=\"height:16px\" aria-hidden=\"true\" class=\"wp-block-spacer\"><\/div>\n\n\n\n<h2 class=\"wp-block-heading has-text-align-center custom-font\" style=\"font-size:60px\">Sound Imagineered<\/h2>\n\n\n\n<div style=\"height:16px\" aria-hidden=\"true\" class=\"wp-block-spacer\"><\/div>\n\n\n\n<figure class=\"wp-block-pullquote has-small-font-size\" style=\"border-radius:0px;border-top-width:1px;border-right-style:none;border-right-width:0px;border-bottom-width:1px;border-left-style:none;border-left-width:0px\"><blockquote><p>\"Muzyka nie k\u0142amie. Je\u015bli jest co\u015b, co nale\u017cy zmieni\u0107 na tym \u015bwiecie, to mo\u017ce si\u0119 to sta\u0107 tylko poprzez muzyk\u0119.\"<\/p><cite>Jimi Hendrix<\/cite><\/blockquote><\/figure>\n\n\n\n<div class=\"wp-block-media-text is-stacked-on-mobile\"><figure class=\"wp-block-media-text__media\"><img decoding=\"async\" width=\"1024\" height=\"1079\" src=\"https:\/\/www.sitek.rocks\/wp-content\/uploads\/2018\/12\/Syrena-slim2-1024x1079.png\" alt=\"\" class=\"wp-image-403 size-large\" srcset=\"https:\/\/www.sitek.rocks\/wp-content\/uploads\/2018\/12\/Syrena-slim2-1024x1079.png 1024w, https:\/\/www.sitek.rocks\/wp-content\/uploads\/2018\/12\/Syrena-slim2-300x316.png 300w, https:\/\/www.sitek.rocks\/wp-content\/uploads\/2018\/12\/Syrena-slim2-650x685.png 650w, https:\/\/www.sitek.rocks\/wp-content\/uploads\/2018\/12\/Syrena-slim2-768x809.png 768w, https:\/\/www.sitek.rocks\/wp-content\/uploads\/2018\/12\/Syrena-slim2-1457x1536.png 1457w, https:\/\/www.sitek.rocks\/wp-content\/uploads\/2018\/12\/Syrena-slim2.png 1538w\" sizes=\"(max-width: 1024px) 100vw, 1024px\" \/><\/figure><div class=\"wp-block-media-text__content\">\n<p class=\"wp-block-paragraph\">KONTAKT<\/p>\n\n\n\n<p class=\"has-small-font-size wp-block-paragraph\">Sitek Engineering \u2013 Andrzej Sitek<br>ul. Filipkowskiego 15\/16<br>81-578 Gdynia, POLAND<\/p>\n\n\n\n<p class=\"has-small-font-size wp-block-paragraph\">EU VAT: PL7411926197<\/p>\n\n\n\n<p class=\"has-small-font-size wp-block-paragraph\">Telefon: +48 606 654 722<br>Email:&nbsp;<a href=\"mailto:hello@sitek.rocks\">hello@sitek.rocks<\/a><\/p>\n<\/div><\/div>\n\n\n\n<div style=\"height:16px\" aria-hidden=\"true\" class=\"wp-block-spacer\"><\/div>\n\n\n\n<div class=\"wp-block-jetpack-tiled-gallery aligncenter is-style-rectangular\"><div class=\"\"><div class=\"tiled-gallery__gallery\"><div class=\"tiled-gallery__row\"><div class=\"tiled-gallery__col\" style=\"flex-basis:65.16797%\"><figure class=\"tiled-gallery__item\"><img decoding=\"async\" srcset=\"https:\/\/i0.wp.com\/www.sitek.rocks\/wp-content\/uploads\/2018\/08\/DSC_5237-1024x631.jpg?strip=info&#038;w=600&#038;ssl=1 600w,https:\/\/i0.wp.com\/www.sitek.rocks\/wp-content\/uploads\/2018\/08\/DSC_5237-1024x631.jpg?strip=info&#038;w=900&#038;ssl=1 900w,https:\/\/i0.wp.com\/www.sitek.rocks\/wp-content\/uploads\/2018\/08\/DSC_5237-1024x631.jpg?strip=info&#038;w=1200&#038;ssl=1 1200w,https:\/\/i0.wp.com\/www.sitek.rocks\/wp-content\/uploads\/2018\/08\/DSC_5237-1024x631.jpg?strip=info&#038;w=1500&#038;ssl=1 1500w,https:\/\/i0.wp.com\/www.sitek.rocks\/wp-content\/uploads\/2018\/08\/DSC_5237-1024x631.jpg?strip=info&#038;w=1758&#038;ssl=1 1758w\" alt=\"\" data-height=\"1084\" data-id=\"87\" data-link=\"https:\/\/www.sitek.rocks\/about\/dsc_5237\/\" data-url=\"https:\/\/www.sitek.rocks\/wp-content\/uploads\/2018\/08\/DSC_5237-1024x631.jpg\" data-width=\"1758\" src=\"https:\/\/i0.wp.com\/www.sitek.rocks\/wp-content\/uploads\/2018\/08\/DSC_5237-1024x631.jpg?ssl=1\" data-amp-layout=\"responsive\" tabindex=\"0\" role=\"button\" aria-label=\"Open image 1 of 5 in full-screen\"\/><\/figure><\/div><div class=\"tiled-gallery__col\" style=\"flex-basis:34.83203%\"><figure class=\"tiled-gallery__item\"><img decoding=\"async\" srcset=\"https:\/\/i0.wp.com\/www.sitek.rocks\/wp-content\/uploads\/2018\/08\/44.jpg?strip=info&#038;w=600&#038;ssl=1 600w,https:\/\/i0.wp.com\/www.sitek.rocks\/wp-content\/uploads\/2018\/08\/44.jpg?strip=info&#038;w=700&#038;ssl=1 700w\" alt=\"\" data-height=\"810\" data-id=\"182\" data-link=\"https:\/\/www.sitek.rocks\/about\/attachment\/44\/\" data-url=\"https:\/\/www.sitek.rocks\/wp-content\/uploads\/2018\/08\/44.jpg\" data-width=\"700\" src=\"https:\/\/i0.wp.com\/www.sitek.rocks\/wp-content\/uploads\/2018\/08\/44.jpg?ssl=1\" data-amp-layout=\"responsive\" tabindex=\"0\" role=\"button\" aria-label=\"Open image 2 of 5 in full-screen\"\/><\/figure><\/div><\/div><div class=\"tiled-gallery__row\"><div class=\"tiled-gallery__col\" style=\"flex-basis:37.32703%\"><figure class=\"tiled-gallery__item\"><img decoding=\"async\" srcset=\"https:\/\/i0.wp.com\/www.sitek.rocks\/wp-content\/uploads\/2018\/09\/Screen-Shot-2018-09-20-at-10.07.02-1024x1021.png?strip=info&#038;w=600&#038;ssl=1 600w,https:\/\/i0.wp.com\/www.sitek.rocks\/wp-content\/uploads\/2018\/09\/Screen-Shot-2018-09-20-at-10.07.02-1024x1021.png?strip=info&#038;w=900&#038;ssl=1 900w,https:\/\/i0.wp.com\/www.sitek.rocks\/wp-content\/uploads\/2018\/09\/Screen-Shot-2018-09-20-at-10.07.02-1024x1021.png?strip=info&#038;w=1188&#038;ssl=1 1188w\" alt=\"\" data-height=\"1184\" data-id=\"272\" data-link=\"https:\/\/www.sitek.rocks\/?attachment_id=272\" data-url=\"https:\/\/www.sitek.rocks\/wp-content\/uploads\/2018\/09\/Screen-Shot-2018-09-20-at-10.07.02-1024x1021.png\" data-width=\"1188\" src=\"https:\/\/i0.wp.com\/www.sitek.rocks\/wp-content\/uploads\/2018\/09\/Screen-Shot-2018-09-20-at-10.07.02-1024x1021.png?ssl=1\" data-amp-layout=\"responsive\" tabindex=\"0\" role=\"button\" aria-label=\"Open image 3 of 5 in full-screen\"\/><\/figure><figure class=\"tiled-gallery__item\"><img decoding=\"async\" srcset=\"https:\/\/i0.wp.com\/www.sitek.rocks\/wp-content\/uploads\/2018\/08\/DSC_5185-1024x957.jpg?strip=info&#038;w=600&#038;ssl=1 600w,https:\/\/i0.wp.com\/www.sitek.rocks\/wp-content\/uploads\/2018\/08\/DSC_5185-1024x957.jpg?strip=info&#038;w=900&#038;ssl=1 900w,https:\/\/i0.wp.com\/www.sitek.rocks\/wp-content\/uploads\/2018\/08\/DSC_5185-1024x957.jpg?strip=info&#038;w=1200&#038;ssl=1 1200w,https:\/\/i0.wp.com\/www.sitek.rocks\/wp-content\/uploads\/2018\/08\/DSC_5185-1024x957.jpg?strip=info&#038;w=1292&#038;ssl=1 1292w\" alt=\"\" data-height=\"1207\" data-id=\"81\" data-link=\"https:\/\/www.sitek.rocks\/about\/dsc_5185\/\" data-url=\"https:\/\/www.sitek.rocks\/wp-content\/uploads\/2018\/08\/DSC_5185-1024x957.jpg\" data-width=\"1292\" src=\"https:\/\/i0.wp.com\/www.sitek.rocks\/wp-content\/uploads\/2018\/08\/DSC_5185-1024x957.jpg?ssl=1\" data-amp-layout=\"responsive\" tabindex=\"0\" role=\"button\" aria-label=\"Open image 4 of 5 in full-screen\"\/><\/figure><\/div><div class=\"tiled-gallery__col\" style=\"flex-basis:62.67297%\"><figure class=\"tiled-gallery__item\"><img decoding=\"async\" srcset=\"https:\/\/i0.wp.com\/www.sitek.rocks\/wp-content\/uploads\/2018\/08\/11.jpg?strip=info&#038;w=600&#038;ssl=1 600w,https:\/\/i0.wp.com\/www.sitek.rocks\/wp-content\/uploads\/2018\/08\/11.jpg?strip=info&#038;w=700&#038;ssl=1 700w\" alt=\"\" data-height=\"810\" data-id=\"181\" data-link=\"https:\/\/www.sitek.rocks\/about\/attachment\/11\/\" data-url=\"https:\/\/www.sitek.rocks\/wp-content\/uploads\/2018\/08\/11.jpg\" data-width=\"700\" src=\"https:\/\/i0.wp.com\/www.sitek.rocks\/wp-content\/uploads\/2018\/08\/11.jpg?ssl=1\" data-amp-layout=\"responsive\" tabindex=\"0\" role=\"button\" aria-label=\"Open image 5 of 5 in full-screen\"\/><\/figure><\/div><\/div><\/div><\/div><\/div>","protected":false},"excerpt":{"rendered":"<p>Sound Imagineered &#8220;Music doesn\u2019t lie. If there is something to be changed in this world, then it can only happen through music.&#8221; Jimi Hendrix CONTACT Sitek Engineering \u2013 Andrzej Sitekul. Filipkowskiego 15\/1681-578 Gdynia, POLAND EU VAT: PL7411926197 Phone: +48 606 654 722Email:&nbsp;hello@sitek.rocks<\/p>","protected":false},"author":1,"featured_media":0,"parent":0,"menu_order":0,"comment_status":"closed","ping_status":"closed","template":"","meta":{"_crdt_document":"","inline_featured_image":false,"footnotes":""},"class_list":["post-14623","page","type-page","status-publish","hentry"],"jetpack_shortlink":"https:\/\/wp.me\/PaaYOr-3NR","jetpack_sharing_enabled":true,"_links":{"self":[{"href":"https:\/\/www.sitek.rocks\/pl\/wp-json\/wp\/v2\/pages\/14623","targetHints":{"allow":["GET"]}}],"collection":[{"href":"https:\/\/www.sitek.rocks\/pl\/wp-json\/wp\/v2\/pages"}],"about":[{"href":"https:\/\/www.sitek.rocks\/pl\/wp-json\/wp\/v2\/types\/page"}],"author":[{"embeddable":true,"href":"https:\/\/www.sitek.rocks\/pl\/wp-json\/wp\/v2\/users\/1"}],"replies":[{"embeddable":true,"href":"https:\/\/www.sitek.rocks\/pl\/wp-json\/wp\/v2\/comments?post=14623"}],"version-history":[{"count":0,"href":"https:\/\/www.sitek.rocks\/pl\/wp-json\/wp\/v2\/pages\/14623\/revisions"}],"wp:attachment":[{"href":"https:\/\/www.sitek.rocks\/pl\/wp-json\/wp\/v2\/media?parent=14623"}],"curies":[{"name":"wp","href":"https:\/\/api.w.org\/{rel}","templated":true}]}}