{"id":14401,"date":"2024-11-19T22:28:52","date_gmt":"2024-11-19T21:28:52","guid":{"rendered":"https:\/\/www.sitek.rocks\/?page_id=14401"},"modified":"2024-11-19T22:37:40","modified_gmt":"2024-11-19T21:37:40","slug":"sound-imagineered-2","status":"publish","type":"page","link":"https:\/\/www.sitek.rocks\/pl\/","title":{"rendered":"Home"},"content":{"rendered":"<div class=\"wp-block-group alignfull is-content-justification-center\" style=\"margin-top:0;margin-bottom:0;padding-top:calc( 0.5 * var(u002du002dwpu002du002dstyleu002du002drootu002du002dpadding-right, var(u002du002dwpu002du002dcustomu002du002dgapu002du002dhorizontal)));padding-right:var(u002du002dwpu002du002dstyleu002du002drootu002du002dpadding-right, var(u002du002dwpu002du002dcustomu002du002dgapu002du002dhorizontal));padding-bottom:calc( 0.5 * var(u002du002dwpu002du002dstyleu002du002drootu002du002dpadding-right, var(u002du002dwpu002du002dcustomu002du002dgapu002du002dhorizontal)));padding-left:var(u002du002dwpu002du002dstyleu002du002drootu002du002dpadding-left, var(u002du002dwpu002du002dcustomu002du002dgapu002du002dhorizontal))\"><div class=\"wp-block-group__inner-container is-layout-constrained wp-container-core-group-is-layout-1389cb42 wp-block-group-is-layout-constrained\">\n<div style=\"height:calc( 0.25 * var(u002du002dwpu002du002dstyleu002du002drootu002du002dpadding-right, var(u002du002dwpu002du002dcustomu002du002dgapu002du002dhorizontal)))\" aria-hidden=\"true\" class=\"wp-block-spacer\"><\/div>\n\n\n\n<div class=\"wp-block-columns is-layout-flex wp-container-core-columns-is-layout-8f761849 wp-block-columns-is-layout-flex\">\n<div class=\"wp-block-column is-layout-flow wp-block-column-is-layout-flow\" style=\"flex-basis:100%\">\n<div class=\"wp-block-group alignfull\"><div class=\"wp-block-group__inner-container is-layout-constrained wp-block-group-is-layout-constrained\">\n<div class=\"wp-block-cover alignfull has-white-color has-text-color has-link-color wp-elements-5ce803dfeaabb37d76669f7184452bad\" style=\"margin-top:0;margin-bottom:0;padding-top:3%;padding-right:0%;padding-bottom:10%;padding-left:5%;min-height:100vh;aspect-ratio:unset;\"><span aria-hidden=\"true\" class=\"wp-block-cover__background has-black-background-color has-background-dim-30 has-background-dim\"><\/span><img fetchpriority=\"high\" decoding=\"async\" width=\"2560\" height=\"1542\" class=\"wp-block-cover__image-background wp-image-13455 size-full\" alt=\"\" src=\"https:\/\/www.sitek.rocks\/wp-content\/uploads\/2023\/11\/Blackweek-scaled-1.webp\" style=\"object-position:50% 10%\" data-object-fit=\"cover\" data-object-position=\"50% 10%\" srcset=\"https:\/\/www.sitek.rocks\/wp-content\/uploads\/2023\/11\/Blackweek-scaled-1.webp 2560w, https:\/\/www.sitek.rocks\/wp-content\/uploads\/2023\/11\/Blackweek-scaled-1-300x181.webp 300w, https:\/\/www.sitek.rocks\/wp-content\/uploads\/2023\/11\/Blackweek-scaled-1-650x392.webp 650w, https:\/\/www.sitek.rocks\/wp-content\/uploads\/2023\/11\/Blackweek-scaled-1-1024x617.webp 1024w, https:\/\/www.sitek.rocks\/wp-content\/uploads\/2023\/11\/Blackweek-scaled-1-768x463.webp 768w, https:\/\/www.sitek.rocks\/wp-content\/uploads\/2023\/11\/Blackweek-scaled-1-1536x925.webp 1536w, https:\/\/www.sitek.rocks\/wp-content\/uploads\/2023\/11\/Blackweek-scaled-1-2048x1234.webp 2048w\" sizes=\"(max-width: 2560px) 100vw, 2560px\" \/><div class=\"wp-block-cover__inner-container is-layout-flow wp-block-cover-is-layout-flow\">\n<h1 class=\"wp-block-heading has-white-color has-text-color has-link-color has-x-large-font-size wp-elements-939e45124d571060ffaf35f7bbbe8f54\">Sound Imagineered<\/h1>\n\n\n\n<p class=\"has-white-color has-text-color has-medium-font-size wp-block-paragraph\">Butikowy sprz\u0119t gitarowy - wykonany r\u0119cznie z mi\u0142o\u015bci\u0105<\/p>\n\n\n\n<div style=\"height:10px\" aria-hidden=\"true\" class=\"wp-block-spacer is-style-default\"><\/div>\n\n\n\n<div class=\"wp-block-buttons has-custom-font-size has-small-font-size is-vertical is-content-justification-left is-layout-flex wp-container-core-buttons-is-layout-db514979 wp-block-buttons-is-layout-flex\" style=\"margin-top:var(--wp--preset--spacing--30);margin-bottom:var(--wp--preset--spacing--30)\">\n<div class=\"wp-block-button\"><a class=\"wp-block-button__link has-vivid-red-background-color has-background has-text-align-center wp-element-button\" href=\"https:\/\/www.sitek.rocks\/pl\/category\/pedals\/\">Kup Teraz <\/a><\/div>\n<\/div>\n<\/div><\/div>\n<\/div><\/div>\n<\/div>\n<\/div>\n\n\n\n<div style=\"height:calc( 0.25 * var(u002du002dwpu002du002dstyleu002du002drootu002du002dpadding-right, var(u002du002dwpu002du002dcustomu002du002dgapu002du002dhorizontal)))\" aria-hidden=\"true\" class=\"wp-block-spacer\"><\/div>\n<\/div><\/div>\n\n\n\n<div class=\"wp-block-media-text alignfull is-stacked-on-mobile\"><figure class=\"wp-block-media-text__media\"><img decoding=\"async\" width=\"1024\" height=\"1024\" src=\"https:\/\/www.sitek.rocks\/wp-content\/uploads\/2024\/11\/IMG_9349-1024x1024.jpg\" alt=\"\" class=\"wp-image-14431 size-full\" srcset=\"https:\/\/www.sitek.rocks\/wp-content\/uploads\/2024\/11\/IMG_9349-1024x1024.jpg 1024w, https:\/\/www.sitek.rocks\/wp-content\/uploads\/2024\/11\/IMG_9349-300x300.jpg 300w, https:\/\/www.sitek.rocks\/wp-content\/uploads\/2024\/11\/IMG_9349-768x768.jpg 768w, https:\/\/www.sitek.rocks\/wp-content\/uploads\/2024\/11\/IMG_9349-1536x1536.jpg 1536w, https:\/\/www.sitek.rocks\/wp-content\/uploads\/2024\/11\/IMG_9349-2048x2048.jpg 2048w, https:\/\/www.sitek.rocks\/wp-content\/uploads\/2024\/11\/IMG_9349-650x650.jpg 650w, https:\/\/www.sitek.rocks\/wp-content\/uploads\/2024\/11\/IMG_9349-100x100.jpg 100w\" sizes=\"(max-width: 1024px) 100vw, 1024px\" \/><\/figure><div class=\"wp-block-media-text__content\">\n<div style=\"height:51px\" aria-hidden=\"true\" class=\"wp-block-spacer is-style-dots\"><\/div>\n\n\n\n<p class=\"wp-block-paragraph\">Oryginalne, r\u0119cznie robione efekty gitarowe Sitek GE s\u0105 produkowane z mi\u0142o\u015bci\u0105, pojedynczo z wysokiej jako\u015bci komponent\u00f3w w Gdyni, w Polsce.<\/p>\n\n\n\n<div style=\"height:51px\" aria-hidden=\"true\" class=\"wp-block-spacer is-style-dots\"><\/div>\n\n\n\n<p class=\"wp-block-paragraph\">Je\u015bli szukasz oryginalnego brzmienia - jeste\u015b we w\u0142a\u015bciwym miejscu!<\/p>\n<\/div><\/div>\n\n\n\n<h2 class=\"wp-block-heading has-text-align-center custom-font\">Znajd\u017a Swoje Brzmienie<\/h2>\n\n\n\n<p class=\"has-text-align-center wp-block-paragraph\"><p>Przywi\u0105zujemy du\u017c\u0105 wag\u0119 do stosowania wysokiej jako\u015bci komponent\u00f3w na zewn\u0105trz, upewniaj\u0105c si\u0119, \u017ce ca\u0142e do\u015bwiadczenie korzystania z naszych efekt\u00f3w gitarowych jest najwy\u017cszej jako\u015bci. Projekty i nazwy efekt\u00f3w s\u0105 inspirowane wizj\u0105 d\u017awi\u0119kowych muz, kt\u00f3re oddaj\u0105 natur\u0119 brzmienia naszych urz\u0105dze\u0144.<\/p><\/p>\n\n\n\n<div class=\"wp-block-buttons is-content-justification-center is-layout-flex wp-container-core-buttons-is-layout-fe48e5de wp-block-buttons-is-layout-flex\">\n<div class=\"wp-block-button\"><a class=\"wp-block-button__link has-text-align-center wp-element-button\">Dowiedz si\u0119 wi\u0119cej<\/a><\/div>\n<\/div>\n\n\n\n<div class=\"wp-block-jetpack-tiled-gallery alignfull is-style-columns\"><div class=\"has-rounded-corners-11\"><div class=\"tiled-gallery__gallery\"><div class=\"tiled-gallery__row\"><div class=\"tiled-gallery__col\" style=\"flex-basis:33.34258%\"><figure class=\"tiled-gallery__item\"><img decoding=\"async\" srcset=\"https:\/\/i0.wp.com\/www.sitek.rocks\/wp-content\/uploads\/2024\/11\/IMG_1113-1024x1024.jpg?strip=info&#038;w=600&#038;ssl=1 600w,https:\/\/i0.wp.com\/www.sitek.rocks\/wp-content\/uploads\/2024\/11\/IMG_1113-1024x1024.jpg?strip=info&#038;w=900&#038;ssl=1 900w,https:\/\/i0.wp.com\/www.sitek.rocks\/wp-content\/uploads\/2024\/11\/IMG_1113-1024x1024.jpg?strip=info&#038;w=1200&#038;ssl=1 1200w,https:\/\/i0.wp.com\/www.sitek.rocks\/wp-content\/uploads\/2024\/11\/IMG_1113-1024x1024.jpg?strip=info&#038;w=1500&#038;ssl=1 1500w,https:\/\/i0.wp.com\/www.sitek.rocks\/wp-content\/uploads\/2024\/11\/IMG_1113-1024x1024.jpg?strip=info&#038;w=1800&#038;ssl=1 1800w,https:\/\/i0.wp.com\/www.sitek.rocks\/wp-content\/uploads\/2024\/11\/IMG_1113-1024x1024.jpg?strip=info&#038;w=2000&#038;ssl=1 2000w\" alt=\"\" data-height=\"2560\" data-id=\"14452\" data-link=\"https:\/\/www.sitek.rocks\/?attachment_id=14452\" data-url=\"https:\/\/www.sitek.rocks\/wp-content\/uploads\/2024\/11\/IMG_1113-1024x1024.jpg\" data-width=\"2560\" src=\"https:\/\/i0.wp.com\/www.sitek.rocks\/wp-content\/uploads\/2024\/11\/IMG_1113-1024x1024.jpg?ssl=1\" data-amp-layout=\"responsive\" tabindex=\"0\" role=\"button\" aria-label=\"Open image 1 of 6 in full-screen\"\/><\/figure><figure class=\"tiled-gallery__item\"><img decoding=\"async\" srcset=\"https:\/\/i0.wp.com\/www.sitek.rocks\/wp-content\/uploads\/2024\/11\/IMG_2771-1024x1024.jpg?strip=info&#038;w=600&#038;ssl=1 600w,https:\/\/i0.wp.com\/www.sitek.rocks\/wp-content\/uploads\/2024\/11\/IMG_2771-1024x1024.jpg?strip=info&#038;w=900&#038;ssl=1 900w,https:\/\/i0.wp.com\/www.sitek.rocks\/wp-content\/uploads\/2024\/11\/IMG_2771-1024x1024.jpg?strip=info&#038;w=1200&#038;ssl=1 1200w,https:\/\/i0.wp.com\/www.sitek.rocks\/wp-content\/uploads\/2024\/11\/IMG_2771-1024x1024.jpg?strip=info&#038;w=1500&#038;ssl=1 1500w,https:\/\/i0.wp.com\/www.sitek.rocks\/wp-content\/uploads\/2024\/11\/IMG_2771-1024x1024.jpg?strip=info&#038;w=1800&#038;ssl=1 1800w,https:\/\/i0.wp.com\/www.sitek.rocks\/wp-content\/uploads\/2024\/11\/IMG_2771-1024x1024.jpg?strip=info&#038;w=2000&#038;ssl=1 2000w\" alt=\"\" data-height=\"2560\" data-id=\"14453\" data-link=\"https:\/\/www.sitek.rocks\/?attachment_id=14453\" data-url=\"https:\/\/www.sitek.rocks\/wp-content\/uploads\/2024\/11\/IMG_2771-1024x1024.jpg\" data-width=\"2560\" src=\"https:\/\/i0.wp.com\/www.sitek.rocks\/wp-content\/uploads\/2024\/11\/IMG_2771-1024x1024.jpg?ssl=1\" data-amp-layout=\"responsive\" tabindex=\"0\" role=\"button\" aria-label=\"Open image 2 of 6 in full-screen\"\/><\/figure><\/div><div class=\"tiled-gallery__col\" style=\"flex-basis:33.34258%\"><figure class=\"tiled-gallery__item\"><img decoding=\"async\" srcset=\"https:\/\/i0.wp.com\/www.sitek.rocks\/wp-content\/uploads\/2020\/11\/Screenshot-2020-11-16-at-15.03.31-1024x1024.png?strip=info&#038;w=600&#038;ssl=1 600w,https:\/\/i0.wp.com\/www.sitek.rocks\/wp-content\/uploads\/2020\/11\/Screenshot-2020-11-16-at-15.03.31-1024x1024.png?strip=info&#038;w=900&#038;ssl=1 900w,https:\/\/i0.wp.com\/www.sitek.rocks\/wp-content\/uploads\/2020\/11\/Screenshot-2020-11-16-at-15.03.31-1024x1024.png?strip=info&#038;w=1182&#038;ssl=1 1182w\" alt=\"\" data-height=\"1182\" data-id=\"8458\" data-link=\"https:\/\/www.sitek.rocks\/sound-imagineered\/screenshot-2020-11-16-at-15-03-31\/\" data-url=\"https:\/\/www.sitek.rocks\/wp-content\/uploads\/2020\/11\/Screenshot-2020-11-16-at-15.03.31-1024x1024.png\" data-width=\"1182\" src=\"https:\/\/i0.wp.com\/www.sitek.rocks\/wp-content\/uploads\/2020\/11\/Screenshot-2020-11-16-at-15.03.31-1024x1024.png?ssl=1\" data-amp-layout=\"responsive\" tabindex=\"0\" role=\"button\" aria-label=\"Open image 3 of 6 in full-screen\"\/><\/figure><figure class=\"tiled-gallery__item\"><img decoding=\"async\" srcset=\"https:\/\/i0.wp.com\/www.sitek.rocks\/wp-content\/uploads\/2020\/11\/Screenshot-2020-11-16-at-15.03.05-1024x1024.png?strip=info&#038;w=600&#038;ssl=1 600w,https:\/\/i0.wp.com\/www.sitek.rocks\/wp-content\/uploads\/2020\/11\/Screenshot-2020-11-16-at-15.03.05-1024x1024.png?strip=info&#038;w=900&#038;ssl=1 900w,https:\/\/i0.wp.com\/www.sitek.rocks\/wp-content\/uploads\/2020\/11\/Screenshot-2020-11-16-at-15.03.05-1024x1024.png?strip=info&#038;w=1182&#038;ssl=1 1182w\" alt=\"\" data-height=\"1182\" data-id=\"8460\" data-link=\"https:\/\/www.sitek.rocks\/sound-imagineered\/screenshot-2020-11-16-at-15-03-05\/\" data-url=\"https:\/\/www.sitek.rocks\/wp-content\/uploads\/2020\/11\/Screenshot-2020-11-16-at-15.03.05-1024x1024.png\" data-width=\"1182\" src=\"https:\/\/i0.wp.com\/www.sitek.rocks\/wp-content\/uploads\/2020\/11\/Screenshot-2020-11-16-at-15.03.05-1024x1024.png?ssl=1\" data-amp-layout=\"responsive\" tabindex=\"0\" role=\"button\" aria-label=\"Open image 4 of 6 in full-screen\"\/><\/figure><\/div><div class=\"tiled-gallery__col\" style=\"flex-basis:33.31485%\"><figure class=\"tiled-gallery__item\"><img decoding=\"async\" srcset=\"https:\/\/i0.wp.com\/www.sitek.rocks\/wp-content\/uploads\/2018\/09\/Screen-Shot-2018-09-20-at-10.01.12-1024x1026.png?strip=info&#038;w=600&#038;ssl=1 600w,https:\/\/i0.wp.com\/www.sitek.rocks\/wp-content\/uploads\/2018\/09\/Screen-Shot-2018-09-20-at-10.01.12-1024x1026.png?strip=info&#038;w=900&#038;ssl=1 900w,https:\/\/i0.wp.com\/www.sitek.rocks\/wp-content\/uploads\/2018\/09\/Screen-Shot-2018-09-20-at-10.01.12-1024x1026.png?strip=info&#038;w=1186&#038;ssl=1 1186w\" alt=\"\" data-height=\"1188\" data-id=\"266\" data-link=\"https:\/\/www.sitek.rocks\/sound-imagineered\/screen-shot-2018-09-20-at-10-01-12\/\" data-url=\"https:\/\/www.sitek.rocks\/wp-content\/uploads\/2018\/09\/Screen-Shot-2018-09-20-at-10.01.12-1024x1026.png\" data-width=\"1186\" src=\"https:\/\/i0.wp.com\/www.sitek.rocks\/wp-content\/uploads\/2018\/09\/Screen-Shot-2018-09-20-at-10.01.12-1024x1026.png?ssl=1\" data-amp-layout=\"responsive\" tabindex=\"0\" role=\"button\" aria-label=\"Open image 5 of 6 in full-screen\"\/><\/figure><figure class=\"tiled-gallery__item\"><img decoding=\"async\" srcset=\"https:\/\/i0.wp.com\/www.sitek.rocks\/wp-content\/uploads\/2024\/11\/FullSizeRender-2-1-1024x1024.jpeg?strip=info&#038;w=600&#038;ssl=1 600w,https:\/\/i0.wp.com\/www.sitek.rocks\/wp-content\/uploads\/2024\/11\/FullSizeRender-2-1-1024x1024.jpeg?strip=info&#038;w=900&#038;ssl=1 900w,https:\/\/i0.wp.com\/www.sitek.rocks\/wp-content\/uploads\/2024\/11\/FullSizeRender-2-1-1024x1024.jpeg?strip=info&#038;w=1200&#038;ssl=1 1200w,https:\/\/i0.wp.com\/www.sitek.rocks\/wp-content\/uploads\/2024\/11\/FullSizeRender-2-1-1024x1024.jpeg?strip=info&#038;w=1500&#038;ssl=1 1500w,https:\/\/i0.wp.com\/www.sitek.rocks\/wp-content\/uploads\/2024\/11\/FullSizeRender-2-1-1024x1024.jpeg?strip=info&#038;w=1800&#038;ssl=1 1800w,https:\/\/i0.wp.com\/www.sitek.rocks\/wp-content\/uploads\/2024\/11\/FullSizeRender-2-1-1024x1024.jpeg?strip=info&#038;w=2000&#038;ssl=1 2000w\" alt=\"\" data-height=\"2560\" data-id=\"14450\" data-link=\"https:\/\/www.sitek.rocks\/?attachment_id=14450\" data-url=\"https:\/\/www.sitek.rocks\/wp-content\/uploads\/2024\/11\/FullSizeRender-2-1-1024x1024.jpeg\" data-width=\"2560\" src=\"https:\/\/i0.wp.com\/www.sitek.rocks\/wp-content\/uploads\/2024\/11\/FullSizeRender-2-1-1024x1024.jpeg?ssl=1\" data-amp-layout=\"responsive\" tabindex=\"0\" role=\"button\" aria-label=\"Open image 6 of 6 in full-screen\"\/><\/figure><\/div><\/div><\/div><\/div><\/div>\n\n\n\n<div class=\"wp-block-columns is-layout-flex wp-container-core-columns-is-layout-8f761849 wp-block-columns-is-layout-flex\">\n<div class=\"wp-block-column is-layout-flow wp-block-column-is-layout-flow\" style=\"flex-basis:25%\"><\/div>\n\n\n\n<div class=\"wp-block-column is-layout-flow wp-block-column-is-layout-flow\" style=\"flex-basis:50%\">\n<h2 class=\"wp-block-heading has-text-align-center\">Newsletter<\/h2>\n\n\n<div class=\"alignwide mailchimp_newsletter wp-block-mailchimp-mailchimp\">\n\t<div class=\"mc_container\">\n<div id=\"mc_signup_34e471800f_1\">\n\t<form method=\"post\" action=\"#mc_signup_34e471800f_1\" id=\"mc_signup_form_34e471800f_1\" class=\"mc_signup_form\" data-trp-original-action=\"#mc_signup_34e471800f_1\">\n\t\t<input type=\"hidden\" class=\"mc_submit_type\" name=\"mc_submit_type\" value=\"html\" \/>\n\t\t<input type=\"hidden\" name=\"mcsf_action\" value=\"mc_submit_signup_form\" \/>\n\t\t<input type=\"hidden\" id=\"_mc_submit_signup_form_nonce\" name=\"_mc_submit_signup_form_nonce\" value=\"ead0c843fe\" \/>\n\t\t\t<div class=\"mc_subheader\">\n\t\t\tZarejestruj si\u0119, aby otrzymywa\u0107 okazjonalne wiadomo\u015bci e-mail dotycz\u0105ce najnowszych wiadomo\u015bci o firmie i ofert specjalnych. Mo\u017cesz zrezygnowa\u0107 w dowolnym momencie! Twoja prywatno\u015b\u0107 jest nasz\u0105 polityk\u0105.\t\t<\/div><!-- \/mc_subheader -->\n\t\t\n\t<div class=\"mc_form_inside\">\n\n\t\t<div class=\"mc_message_wrapper\">\n\t\t\t\t\t<\/div><!-- \/mc_message_wrapper -->\n\n\t\t\n<div class=\"mc_merge_var\">\n\t\t<label for=\"mc_mv_EMAIL_2\" class=\"mc_var_label mc_header mc_header_email\">Adres Email<\/label>\n\t<input type=\"text\" size=\"18\" placeholder=\"\" name=\"mc_mv_EMAIL\" id=\"mc_mv_EMAIL_2\" class=\"mc_input\"\/>\n<\/div><!-- \/mc_merge_var -->\t\t<div class=\"mergeRow\">\n\t\t\t<label class=\"mc_email_format\">Preferred Format<\/label>\n\t\t\t<div class=\"field-group groups mc_email_options\">\n\t\t\t\t<ul class=\"mc_list\">\n\t\t\t\t\t<li><input type=\"radio\" name=\"email_type\" id=\"email_type_html_34e471800f_1\" value=\"html\" checked=\"checked\"><label for=\"email_type_html_34e471800f_1\" class=\"mc_email_type\">HTML<\/label><\/li>\n\t\t\t\t\t<li><input type=\"radio\" name=\"email_type\" id=\"email_type_text_34e471800f_1\" value=\"text\"><label for=\"email_type_text_34e471800f_1\" class=\"mc_email_type\">Text<\/label><\/li>\n\t\t\t\t<\/ul>\n\t\t\t<\/div>\n\t\t<\/div>\n\n\t\t\t\t<div style=\"display: none; !important\">\n\t\t<label for=\"mailchimp_sf_alt_email\">Alternative Email:<\/label>\n\t\t<input type=\"text\" name=\"mailchimp_sf_alt_email\" autocomplete=\"off\"\/>\n\t<\/div>\n\t<input type=\"hidden\" class=\"mailchimp_sf_no_js\" name=\"mailchimp_sf_no_js\" value=\"1\" \/>\n\t\n\t\t<div class=\"mc_signup_submit\">\n\t\t\t<input type=\"submit\" name=\"mc_signup_submit\" class=\"mc_signup_submit_button\" id=\"mc_signup_submit_34e471800f_1\" value=\"Zapisz si\u0119\" \/>\n\t\t<\/div><!-- \/mc_signup_submit -->\n\n\t\t\n\t<\/div><!-- \/mc_form_inside -->\n\t<input type=\"hidden\" name=\"trp-form-language\" value=\"pl\"\/><\/form><!-- \/mc_signup_form -->\n<\/div><!-- \/mc_signup_container -->\n\t<\/div>\t\t<\/div>\n\t\t\n\n\n<p class=\"wp-block-paragraph\"><\/p>\n<\/div>\n\n\n\n<div class=\"wp-block-column is-layout-flow wp-block-column-is-layout-flow\" style=\"flex-basis:25%\"><\/div>\n<\/div>","protected":false},"excerpt":{"rendered":"<p>Find Your Tone We pay great attention to using high quality components inside out, making sure the whole experience of using our pedals is superior. The design and names of the pedals are inspired by the vision of sound muses that capture the nature of pedals\u2019 sound. Newsletter<\/p>","protected":false},"author":1,"featured_media":0,"parent":0,"menu_order":0,"comment_status":"closed","ping_status":"closed","template":"","meta":{"_crdt_document":"","inline_featured_image":false,"footnotes":""},"class_list":["post-14401","page","type-page","status-publish","hentry"],"jetpack_shortlink":"https:\/\/wp.me\/PaaYOr-3Kh","jetpack_sharing_enabled":true,"_links":{"self":[{"href":"https:\/\/www.sitek.rocks\/pl\/wp-json\/wp\/v2\/pages\/14401","targetHints":{"allow":["GET"]}}],"collection":[{"href":"https:\/\/www.sitek.rocks\/pl\/wp-json\/wp\/v2\/pages"}],"about":[{"href":"https:\/\/www.sitek.rocks\/pl\/wp-json\/wp\/v2\/types\/page"}],"author":[{"embeddable":true,"href":"https:\/\/www.sitek.rocks\/pl\/wp-json\/wp\/v2\/users\/1"}],"replies":[{"embeddable":true,"href":"https:\/\/www.sitek.rocks\/pl\/wp-json\/wp\/v2\/comments?post=14401"}],"version-history":[{"count":0,"href":"https:\/\/www.sitek.rocks\/pl\/wp-json\/wp\/v2\/pages\/14401\/revisions"}],"wp:attachment":[{"href":"https:\/\/www.sitek.rocks\/pl\/wp-json\/wp\/v2\/media?parent=14401"}],"curies":[{"name":"wp","href":"https:\/\/api.w.org\/{rel}","templated":true}]}}